{"id":2362686,"date":"2026-04-24T06:43:27","date_gmt":"2026-04-24T06:43:27","guid":{"rendered":""},"modified":"2026-04-24T06:43:27","modified_gmt":"2026-04-24T06:43:27","slug":"catfest-einekotike-pardi-ja-janesega-zelees-margtoit-kassidele-12-x-70-g","status":"publish","type":"product","link":"https:\/\/petfest.ee\/et\/p\/catfest-einekotike-pardi-ja-janesega-zelees-margtoit-kassidele-12-x-70-g\/","title":{"rendered":"CatFest einekotike pardi ja j\u00e4nesega \u017eelees,m\u00e4rgtoit kassidele 12 x 70 g"},"content":{"rendered":"<p>Pardifilee koos k\u00fc\u00fclikulihaga on ideaalne t\u00e4iendus t\u00e4iskasvanud kasside toidulauale. Pardiliha ja k\u00fc\u00fclikuliha k\u00f5rge sisaldus pakub teie lemmikloomale rikkalikku valgu ja toitainete allikat, mis aitab s\u00e4ilitada suurep\u00e4rast f\u00fc\u00fcsilist vormi ja \u00fcldist tervist. Pakutakse t\u00e4iendava loodusliku toiduna.<\/p>\n<p><B>Koostis:<\/B> Pardifilee 54%, k\u00fc\u00fclikuliha 6%, pardipuljong 38%, an\u0161oovise kala\u00f5li, prebiootikumid FOS, E-vitamiin, tauriin, siguriekstrakt, mineraalid.<\/p>\n<p><B>Anal\u00fc\u00fctilised koostisosad<\/B>: Toorvalk 11%, toorrasv 2%, toortuhk 1,5%, toorkiud 1%, niiskus 89%.<\/p>\n<p><B>Eelised:<\/B> Pardiliha ja k\u00fc\u00fclikuliha kombinatsioon pakub k\u00f5rgekvaliteedilist valku, mis aitab s\u00e4ilitada lihasmassi. Prebiootikum FOS toetab tervislikku soolestiku mikrofloorat ja parandab seedimist. An\u0161oovise\u00f5li rikastab toitu omega-3 rasvhapetega, mis toetavad naha ja karvkatte tervist. Mineraalsed lisandid aitavad tugevdada luid ja \u00fcldist tervist. Sigur v\u00e4hendab kasside v\u00e4ljaheidete l\u00f5hna, aidates s\u00e4ilitada v\u00e4rske \u00f5hu liivakasti \u00fcmbruses.<\/p>\n<p><B>Kasutamine<\/B>: Sobib t\u00e4iendava loodusliku toiduna k\u00f5igile t\u00e4iskasvanud kodukassidele, sealhulgas steriliseeritud ja kastreeritud kassidele ning kassidele, kellel on allergiaid v\u00f5i seedimisprobleeme. Serveeri toatemperatuuril. Hoida jahedas ja kuivas kohas. Tarbida kuni 3 pakikest p\u00e4evas. Veenduge, et kassil oleks alati juurdep\u00e4\u00e4s v\u00e4rskele veele.<\/p>","protected":false},"excerpt":{"rendered":"<p>79218886 6921959218886<\/p>\n","protected":false},"featured_media":2362688,"comment_status":"closed","ping_status":"closed","template":"","meta":{"inline_featured_image":false},"product_cat":[238,236],"product_tag":[],"_links":{"self":[{"href":"https:\/\/petfest.ee\/et\/wp-json\/wp\/v2\/product\/2362686"}],"collection":[{"href":"https:\/\/petfest.ee\/et\/wp-json\/wp\/v2\/product"}],"about":[{"href":"https:\/\/petfest.ee\/et\/wp-json\/wp\/v2\/types\/product"}],"replies":[{"embeddable":true,"href":"https:\/\/petfest.ee\/et\/wp-json\/wp\/v2\/comments?post=2362686"}],"wp:featuredmedia":[{"embeddable":true,"href":"https:\/\/petfest.ee\/et\/wp-json\/wp\/v2\/media\/2362688"}],"wp:attachment":[{"href":"https:\/\/petfest.ee\/et\/wp-json\/wp\/v2\/media?parent=2362686"}],"wp:term":[{"taxonomy":"product_cat","embeddable":true,"href":"https:\/\/petfest.ee\/et\/wp-json\/wp\/v2\/product_cat?post=2362686"},{"taxonomy":"product_tag","embeddable":true,"href":"https:\/\/petfest.ee\/et\/wp-json\/wp\/v2\/product_tag?post=2362686"}],"curies":[{"name":"wp","href":"https:\/\/api.w.org\/{rel}","templated":true}]}}