{"id":2362682,"date":"2026-04-24T06:43:27","date_gmt":"2026-04-24T06:43:27","guid":{"rendered":""},"modified":"2026-04-24T06:43:27","modified_gmt":"2026-04-24T06:43:27","slug":"catfest-einekotike-pardiga-zelees-margtoit-kassidele-12-x-70-g","status":"publish","type":"product","link":"https:\/\/petfest.ee\/et\/p\/catfest-einekotike-pardiga-zelees-margtoit-kassidele-12-x-70-g\/","title":{"rendered":"CatFest einekotike pardiga \u017eelees,m\u00e4rgtoit kassidele 12 x 70 g"},"content":{"rendered":"<p><br \/>\nPardifilee t\u00e4iskasvanud kassidele sobib ideaalselt teie lemmiklooma varustamiseks k\u00f5rgekvaliteedilise ja toitva toiduga. Looduslik koostis ja \u00f5rn tekstuur filees toetavad teie kassi tervist, andes talle energiat ja aidates s\u00e4ilitada suurep\u00e4rast f\u00fc\u00fcsilist vormi. Pakutakse t\u00e4iendava toiduna.<\/p>\n<p><B>Koostis:<\/B> Pardifilee 58%, pardipuljong 40%, an\u0161oovise kala\u00f5li, prebiootikumid FOS, E-vitamiin, tauriin, siguriekstrakt, mineraalid.<br \/>\n<B>Anal\u00fc\u00fctilised koostisosad<\/B>: Toorvalk 11%, toorrasv 2%, toorkiud 1%, toortuhk 1,5%, niiskus 89%.<\/p>\n<p><B>Eelised:<\/B> Pardifilee on rikkalik k\u00f5rgekvaliteedilise valgu allikas, mis aitab s\u00e4ilitada lihasmassi ja kassi \u00fcldist tervist. Prebiootikum FOS toetab tervet soolestiku mikrofloorat ja parandab seedimist, samal ajal kui an\u0161oovise\u00f5li, mis on rikas omega-3 rasvhapete poolest, tugevdab immuuns\u00fcsteemi ning toetab naha ja karvkatte tervist. Mineraalsed lisandid aitavad hoida luud tugevad. Sigur v\u00e4hendab kasside v\u00e4ljaheidete l\u00f5hna, aidates s\u00e4ilitada \u00f5hu v\u00e4rskust liivakasti \u00fcmbruses.<\/p>\n<p><B>Kasutamine<\/B>: Sobib t\u00e4iendava loodusliku toiduna k\u00f5igile t\u00e4iskasvanud kodukassidele, sealhulgas steriliseeritud ja kastreeritud kassidele ning kassidele, kellel on allergiad ja seedimisprobleemid. Serveeri toatemperatuuril. Hoida jahedas ja kuivas kohas. Tarbida kuni 3 pakikest p\u00e4evas. Veenduge, et kassil oleks alati juurdep\u00e4\u00e4s v\u00e4rskele veele.<\/p>","protected":false},"excerpt":{"rendered":"<p>79218077 6921959218077<\/p>\n","protected":false},"featured_media":2362684,"comment_status":"closed","ping_status":"closed","template":"","meta":{"inline_featured_image":false},"product_cat":[238,236],"product_tag":[],"_links":{"self":[{"href":"https:\/\/petfest.ee\/et\/wp-json\/wp\/v2\/product\/2362682"}],"collection":[{"href":"https:\/\/petfest.ee\/et\/wp-json\/wp\/v2\/product"}],"about":[{"href":"https:\/\/petfest.ee\/et\/wp-json\/wp\/v2\/types\/product"}],"replies":[{"embeddable":true,"href":"https:\/\/petfest.ee\/et\/wp-json\/wp\/v2\/comments?post=2362682"}],"wp:featuredmedia":[{"embeddable":true,"href":"https:\/\/petfest.ee\/et\/wp-json\/wp\/v2\/media\/2362684"}],"wp:attachment":[{"href":"https:\/\/petfest.ee\/et\/wp-json\/wp\/v2\/media?parent=2362682"}],"wp:term":[{"taxonomy":"product_cat","embeddable":true,"href":"https:\/\/petfest.ee\/et\/wp-json\/wp\/v2\/product_cat?post=2362682"},{"taxonomy":"product_tag","embeddable":true,"href":"https:\/\/petfest.ee\/et\/wp-json\/wp\/v2\/product_tag?post=2362682"}],"curies":[{"name":"wp","href":"https:\/\/api.w.org\/{rel}","templated":true}]}}