{"id":2362681,"date":"2026-04-24T06:43:27","date_gmt":"2026-04-24T06:43:27","guid":{"rendered":""},"modified":"2026-04-24T06:43:27","modified_gmt":"2026-04-24T06:43:27","slug":"catfest-einekotike-tuunikala-ja-krevettidega-zelees-margtoit-kassidele-12-x-70-g","status":"publish","type":"product","link":"https:\/\/petfest.ee\/et\/p\/catfest-einekotike-tuunikala-ja-krevettidega-zelees-margtoit-kassidele-12-x-70-g\/","title":{"rendered":"CatFest einekotike tuunikala ja krevettidega \u017eelees, m\u00e4rgtoit kassidele 12 x 70 g"},"content":{"rendered":"<p>Mahlakad Vaikse ookeani tuunikala fileet\u00fckid \u00f5rnade tervete krevettidega \u017eelees on t\u00f5eline gurmeetoit t\u00f5elistele aristokraatidele. Vitamiinid, mineraalid, Omega-3\/6 rasvhapped ja tauriin on vaid meeldiv lisand sellele peenele roale kassidele k\u00f5igist t\u00f5ugudest. Pakutakse lisatoiduna.<\/p>\n<p><B>Koostis:<\/B> Tuunikala filee 54%, kalapuljong 40%, krevetid 4%, an\u0161oovise kala\u00f5li, E-vitamiin, tauriin, siguriekstrakt.<\/p>\n<p><B>Anal\u00fc\u00fctilised koostisosad<\/B>: Toorvalk 10%, toorrasv 0,8%, toorkiud 1%, toortuhk 1,5%, niiskus 89%, energiasisaldus \u2014 45,18 kcal.<\/p>\n<p><B>Eelised:<\/B> Ei sisalda v\u00e4rvaineid, s\u00e4ilitusaineid ega maitsetugevdajaid. Ei sisalda teravilja, maisi, soja, gluteeni, k\u00f5rvalsaadusi ega GMO-sid. Tauriini positiivne m\u00f5ju s\u00fcdamele, n\u00e4gemisele, kuulmisorganitele ja kassi immuuns\u00fcsteemile. An\u0161oovistest p\u00e4rit Omega-3 ja Omega-6 rasvhapped soodustavad kauni ja terve karvkatte kasvu ning tugevdavad liigeseid ja hambaid. Sigur v\u00e4hendab kasside v\u00e4ljaheidete l\u00f5hna, aidates hoida liivakasti \u00fcmbruse \u00f5hu v\u00e4rskena.<\/p>\n<p><B>Kasutamine<\/B>: Sobib t\u00e4iendava loodusliku toiduna k\u00f5igile t\u00e4iskasvanud kodukassidele, sealhulgas steriliseeritud ja kastreeritud kassidele, samuti kassidele, kellel on allergia ja seedeprobleemid. Serveerida toatemperatuuril. Hoida jahedas ja kuivas kohas. P\u00e4evas v\u00f5ib anda kuni 3 pakikest. Lemmikloomal peab alati olema saadaval v\u00e4rske vesi.<\/p>","protected":false},"excerpt":{"rendered":"<p>79218008 6921959218008<\/p>\n","protected":false},"featured_media":2362617,"comment_status":"closed","ping_status":"closed","template":"","meta":{"inline_featured_image":false},"product_cat":[238,236],"product_tag":[],"_links":{"self":[{"href":"https:\/\/petfest.ee\/et\/wp-json\/wp\/v2\/product\/2362681"}],"collection":[{"href":"https:\/\/petfest.ee\/et\/wp-json\/wp\/v2\/product"}],"about":[{"href":"https:\/\/petfest.ee\/et\/wp-json\/wp\/v2\/types\/product"}],"replies":[{"embeddable":true,"href":"https:\/\/petfest.ee\/et\/wp-json\/wp\/v2\/comments?post=2362681"}],"wp:featuredmedia":[{"embeddable":true,"href":"https:\/\/petfest.ee\/et\/wp-json\/wp\/v2\/media\/2362617"}],"wp:attachment":[{"href":"https:\/\/petfest.ee\/et\/wp-json\/wp\/v2\/media?parent=2362681"}],"wp:term":[{"taxonomy":"product_cat","embeddable":true,"href":"https:\/\/petfest.ee\/et\/wp-json\/wp\/v2\/product_cat?post=2362681"},{"taxonomy":"product_tag","embeddable":true,"href":"https:\/\/petfest.ee\/et\/wp-json\/wp\/v2\/product_tag?post=2362681"}],"curies":[{"name":"wp","href":"https:\/\/api.w.org\/{rel}","templated":true}]}}