{"id":2362677,"date":"2026-04-24T06:43:27","date_gmt":"2026-04-24T06:43:27","guid":{"rendered":""},"modified":"2026-04-24T06:43:27","modified_gmt":"2026-04-24T06:43:27","slug":"catfest-lohe-pasteet-margtoit-kassipoegadele-12-x-70-g","status":"publish","type":"product","link":"https:\/\/petfest.ee\/et\/p\/catfest-lohe-pasteet-margtoit-kassipoegadele-12-x-70-g\/","title":{"rendered":"CatFest l\u00f5he pasteet,m\u00e4rgtoit kassipoegadele 12 x 70 g"},"content":{"rendered":"<p>L\u00f5hepasteet kassipoegadele on spetsiaalselt loodud pakkuma teie lemmikloomale k\u00f5iki vajalikke toitaineid. \u00d5rn tekstuur ja looduslik koostis sobivad ideaalselt kassipoegadele aktiivse kasvu perioodil, andes neile energiat ja toetades tervet arengut. Pakutakse t\u00e4iendava toiduna.<\/p>\n<p><B>Koostis:<\/B> L\u00f5he 58%, kalapuljong 40%, an\u0161oovise kala\u00f5li, prebiootikum FOS, E-vitamiin, tauriin, tapiokk, siguriekstrakt, fruktoos, mineraalid.<\/p>\n<p><B>Anal\u00fc\u00fctilised koostisosad<\/B>: Toorvalk 8,5%, toorrasv 2,5%, toorkiud 1%, toortuhk 1,5%, niiskus 89%, energiasisaldus \u2014 41,96 kcal.<br \/>\n<B>Eelised:<\/B> See toit on loodud arvestades k\u00f5iki kassipoegade vajadusi. Omega-3 ja Omega-6 rasvhapped toetavad naha ja karvkatte tervist, tauriin soodustab s\u00fcdame ja n\u00e4gemise arengut, samas kui E-vitamiin tugevdab immuuns\u00fcsteemi. Prebiootikum FOS parandab seedimist ja aitab s\u00e4ilitada tervet soolestiku mikrofloorat, samas kui mineraalid toetavad tugevate luude arengut.<\/p>\n<p><B>Kasutamine<\/B>: Sobib igap\u00e4evaseks t\u00e4iendavaks looduslikuks toiduks k\u00f5ikidele kassipoegadele. Serveerige toatemperatuuril. Hoidke jahedas ja kuivas kohas. Soovitatav anda 2-3 pakikest p\u00e4evas, s\u00f5ltuvalt kassipoja vanusest ja aktiivsusest. Tagage v\u00e4rske joogivesi alati k\u00e4ttesaadavaks.<\/p>","protected":false},"excerpt":{"rendered":"<p>79218985 6921959218985<\/p>\n","protected":false},"featured_media":2362679,"comment_status":"closed","ping_status":"closed","template":"","meta":{"inline_featured_image":false},"product_cat":[238,236],"product_tag":[],"_links":{"self":[{"href":"https:\/\/petfest.ee\/et\/wp-json\/wp\/v2\/product\/2362677"}],"collection":[{"href":"https:\/\/petfest.ee\/et\/wp-json\/wp\/v2\/product"}],"about":[{"href":"https:\/\/petfest.ee\/et\/wp-json\/wp\/v2\/types\/product"}],"replies":[{"embeddable":true,"href":"https:\/\/petfest.ee\/et\/wp-json\/wp\/v2\/comments?post=2362677"}],"wp:featuredmedia":[{"embeddable":true,"href":"https:\/\/petfest.ee\/et\/wp-json\/wp\/v2\/media\/2362679"}],"wp:attachment":[{"href":"https:\/\/petfest.ee\/et\/wp-json\/wp\/v2\/media?parent=2362677"}],"wp:term":[{"taxonomy":"product_cat","embeddable":true,"href":"https:\/\/petfest.ee\/et\/wp-json\/wp\/v2\/product_cat?post=2362677"},{"taxonomy":"product_tag","embeddable":true,"href":"https:\/\/petfest.ee\/et\/wp-json\/wp\/v2\/product_tag?post=2362677"}],"curies":[{"name":"wp","href":"https:\/\/api.w.org\/{rel}","templated":true}]}}