{"id":2362673,"date":"2026-04-24T06:43:27","date_gmt":"2026-04-24T06:43:27","guid":{"rendered":""},"modified":"2026-04-24T06:43:27","modified_gmt":"2026-04-24T06:43:27","slug":"catfest-pardiliha-pasteet-margtoit-kassipoegadele-12-x-70-g","status":"publish","type":"product","link":"https:\/\/petfest.ee\/et\/p\/catfest-pardiliha-pasteet-margtoit-kassipoegadele-12-x-70-g\/","title":{"rendered":"CatFest pardiliha pasteet,m\u00e4rgtoit kassipoegadele 12 x 70 g"},"content":{"rendered":"<p>See spetsiaalselt kassipoegadele loodud eine sisaldab kasulikke koostisosi, nagu part, prebiootikumid ja an\u0161oovise\u00f5li, mis aitavad teie lemmikloomal kasvada tervena ja t\u00e4is energiat. Looduslikud koostisosad ja \u00f5rn tekstuur tagavad tasakaalustatud toitumise ja toetavad kassipoja \u00f5iget arengut. Pakutakse t\u00e4iendava loodusliku toiduna.<\/p>\n<p><B>Koostis:<\/B> Pardiliha 58%, pardipuljong 40 %, an\u0161oovise kala\u00f5li, E-vitamiin, prebiootikumid FOS, tauriin, tapiokk, siguriekstrakt, fruktoos, mineraalid.<\/p>\n<p><B>Anal\u00fc\u00fctilised koostisosad<\/B>: Toorvalk 11%, toorrasv 2%, toorkiud 1%, toortuhk 1,5%, niiskus 89%, energiasisaldus \u2014 41 kcal.<\/p>\n<p><B>Eelised:<\/B> See toit on rikkalik pardivalgu poolest, mis soodustab lihaste arengut ja toetab kassipoja k\u00f5rget aktiivsust. Prebiootikum (FOS) toetab tervislikku soolestiku mikrofloorat, samal ajal kui an\u0161oovise\u00f5li, mis on rikas omega-3 rasvhapete poolest, tugevdab immuunsust ning toetab naha ja karvkatte tervist. E-vitamiin ja tauriin m\u00e4ngivad v\u00f5tmerolli kassipoja s\u00fcdame ja n\u00e4gemise tervise s\u00e4ilitamisel.<\/p>\n<p><B>Kasutamine<\/B>: Soovitatav t\u00e4iendava loodusliku toiduna kassipoegadele. Serveerige toatemperatuuril. Hoidke jahedas ja kuivas kohas. S\u00f6\u00f6tke kassipoega kuni 3 pakikest p\u00e4evas, s\u00f5ltuvalt tema kaalust ja aktiivsusest. Tagage alati juurdep\u00e4\u00e4s v\u00e4rskele veele.<\/p>","protected":false},"excerpt":{"rendered":"<p>79218978 6921959218978<\/p>\n","protected":false},"featured_media":2362675,"comment_status":"closed","ping_status":"closed","template":"","meta":{"inline_featured_image":false},"product_cat":[238,236],"product_tag":[],"_links":{"self":[{"href":"https:\/\/petfest.ee\/et\/wp-json\/wp\/v2\/product\/2362673"}],"collection":[{"href":"https:\/\/petfest.ee\/et\/wp-json\/wp\/v2\/product"}],"about":[{"href":"https:\/\/petfest.ee\/et\/wp-json\/wp\/v2\/types\/product"}],"replies":[{"embeddable":true,"href":"https:\/\/petfest.ee\/et\/wp-json\/wp\/v2\/comments?post=2362673"}],"wp:featuredmedia":[{"embeddable":true,"href":"https:\/\/petfest.ee\/et\/wp-json\/wp\/v2\/media\/2362675"}],"wp:attachment":[{"href":"https:\/\/petfest.ee\/et\/wp-json\/wp\/v2\/media?parent=2362673"}],"wp:term":[{"taxonomy":"product_cat","embeddable":true,"href":"https:\/\/petfest.ee\/et\/wp-json\/wp\/v2\/product_cat?post=2362673"},{"taxonomy":"product_tag","embeddable":true,"href":"https:\/\/petfest.ee\/et\/wp-json\/wp\/v2\/product_tag?post=2362673"}],"curies":[{"name":"wp","href":"https:\/\/api.w.org\/{rel}","templated":true}]}}