{"id":2362669,"date":"2026-04-24T06:43:27","date_gmt":"2026-04-24T06:43:27","guid":{"rendered":""},"modified":"2026-04-24T06:43:27","modified_gmt":"2026-04-24T06:43:27","slug":"catfest-kanaliha-pasteet-margtoit-kassipoegadele-12-x-70-g","status":"publish","type":"product","link":"https:\/\/petfest.ee\/et\/p\/catfest-kanaliha-pasteet-margtoit-kassipoegadele-12-x-70-g\/","title":{"rendered":"CatFest kanaliha pasteet,m\u00e4rgtoit kassipoegadele 12 x 70 g"},"content":{"rendered":"<p>See spetsiaalselt kassipoegadele loodud eine on valmistatud unikaalse retsepti j\u00e4rgi ning selle \u00f5rn tekstuur sobib ideaalselt v\u00e4ikestele lemmikloomadele. Looduslik koostis kasulike lisanditega toetab teie kassipoega aktiivse kasvu perioodil, pakkudes talle energiat ja tervist. Pakutakse t\u00e4iendava loodusliku toiduna.<\/p>\n<p><B>Koostis:<\/B> Kanafilee 58%, kanapuljong 40%, an\u0161oovise kala\u00f5li , prebiootikumid FOS, E-vitamiin, tauriin, tapiokk, siguriekstrakt, fruktoos, mineraalid.<\/p>\n<p><B>Anal\u00fc\u00fctilised koostisosad<\/B>: Toorvalk 9,5%, toorrasv 1,5%, toorkiud 1%, toortuhk 1%, niiskus 89%, energiasisaldus \u2014 36,92 kcal.<\/p>\n<p><B>Eelised:<\/B> See toit on v\u00e4lja t\u00f6\u00f6tatud, arvestades k\u00f5iki kassipoegade vajadusi. Omega-3 ja Omega-6 rasvhapped toetavad naha ja karvkatte tervist, tauriin soodustab s\u00fcdame ja n\u00e4gemise arengut ning E-vitamiin tugevdab immuuns\u00fcsteemi. Siguriekstrakt parandab seedimist, samas kui trikaltseumfosfaat aitab kaasa tugevate luude moodustumisele.<\/p>\n<p><B>Kasutamine<\/B>: Ideaalne igap\u00e4evaseks t\u00e4iendavaks looduslikuks toiduks k\u00f5ikide t\u00f5ugude kassipoegadele. Serveeri toitu toatemperatuuril. Hoida jahedas ja kuivas kohas. Soovitatav on anda 2\u20133 pakikest p\u00e4evas, s\u00f5ltuvalt kassipoja vanusest ja aktiivsusest. Tagage v\u00e4rske joogivee k\u00e4ttesaadavus.<\/p>","protected":false},"excerpt":{"rendered":"<p>79218954 6921959218954<\/p>\n","protected":false},"featured_media":2362671,"comment_status":"closed","ping_status":"closed","template":"","meta":{"inline_featured_image":false},"product_cat":[238,236],"product_tag":[],"_links":{"self":[{"href":"https:\/\/petfest.ee\/et\/wp-json\/wp\/v2\/product\/2362669"}],"collection":[{"href":"https:\/\/petfest.ee\/et\/wp-json\/wp\/v2\/product"}],"about":[{"href":"https:\/\/petfest.ee\/et\/wp-json\/wp\/v2\/types\/product"}],"replies":[{"embeddable":true,"href":"https:\/\/petfest.ee\/et\/wp-json\/wp\/v2\/comments?post=2362669"}],"wp:featuredmedia":[{"embeddable":true,"href":"https:\/\/petfest.ee\/et\/wp-json\/wp\/v2\/media\/2362671"}],"wp:attachment":[{"href":"https:\/\/petfest.ee\/et\/wp-json\/wp\/v2\/media?parent=2362669"}],"wp:term":[{"taxonomy":"product_cat","embeddable":true,"href":"https:\/\/petfest.ee\/et\/wp-json\/wp\/v2\/product_cat?post=2362669"},{"taxonomy":"product_tag","embeddable":true,"href":"https:\/\/petfest.ee\/et\/wp-json\/wp\/v2\/product_tag?post=2362669"}],"curies":[{"name":"wp","href":"https:\/\/api.w.org\/{rel}","templated":true}]}}