{"id":2362665,"date":"2026-04-24T06:43:27","date_gmt":"2026-04-24T06:43:27","guid":{"rendered":""},"modified":"2026-04-24T06:43:27","modified_gmt":"2026-04-24T06:43:27","slug":"catfest-tuunikala-pasteet-margtoit-kassipoegadele-12-x-70-g","status":"publish","type":"product","link":"https:\/\/petfest.ee\/et\/p\/catfest-tuunikala-pasteet-margtoit-kassipoegadele-12-x-70-g\/","title":{"rendered":"CatFest tuunikala pasteet,m\u00e4rgtoit kassipoegadele 12 x 70 g"},"content":{"rendered":"<p>Rikkalik tuunikalapasteet sobib ideaalselt kassipoegadele nende aktiivse kasvu ja arengu etapis. See looduslik toit varustab teie lemmiklooma oomega-3 rasvhapete, valkude, vitamiinide ja mineraalidega, mis on vajalikud tervise ja energia s\u00e4ilitamiseks. Pakutakse t\u00e4iendava toiduna.<\/p>\n<p><B>Koostis:<\/B> Tuunikala 58%, kalapuljong 39,9%, an\u0161oovise kala\u00f5li, prebiootikumid FOS, E-vitamiin, tauriin, tapiokk, siguriekstrakt, fruktoos, mineraalid.<\/p>\n<p><B>Anal\u00fc\u00fctilised koostisosad<\/B>: Toorvalk 10%, toorrasv 0,8%, toorkiud 1%, toortuhk 1,5%, niiskus 89%, energiasisaldus \u2014 41,96 kcal.<br \/>\n<B>Eelised:<\/B> See pasteet on spetsiaalselt v\u00e4lja t\u00f6\u00f6tatud kassipoegadele, pakkudes neile k\u00f5ike vajalikku kasvuks ja arenguks. Omega-3 rasvhapped toetavad naha ja karvkatte tervist, valgud aitavad s\u00e4ilitada lihasmassi, ning tauriin aitab arendada n\u00e4gemist ja s\u00fcdame t\u00f6\u00f6d. E-vitamiin tugevdab immuunsust, samal ajal kui siguriekstrakt parandab seedimist.<\/p>\n<p><B>Kasutamine<\/B>: Ideaalne igap\u00e4evaseks t\u00e4iendavaks looduslikuks toiduks kassipoegadele k\u00f5ikidest t\u00f5ugudest. Serveeri toitu toatemperatuuril, et tuua esile selle maitse. Hoida jahedas ja kuivas kohas. Soovitatav on anda 2\u20133 pakikest p\u00e4evas, s\u00f5ltuvalt kassipoja vanusest ja aktiivsusest. Veenduge, et kassipojal oleks alati juurdep\u00e4\u00e4s v\u00e4rskele veele.<\/p>","protected":false},"excerpt":{"rendered":"<p>79218961 6921959218961<\/p>\n","protected":false},"featured_media":2362667,"comment_status":"closed","ping_status":"closed","template":"","meta":{"inline_featured_image":false},"product_cat":[238,236],"product_tag":[],"_links":{"self":[{"href":"https:\/\/petfest.ee\/et\/wp-json\/wp\/v2\/product\/2362665"}],"collection":[{"href":"https:\/\/petfest.ee\/et\/wp-json\/wp\/v2\/product"}],"about":[{"href":"https:\/\/petfest.ee\/et\/wp-json\/wp\/v2\/types\/product"}],"replies":[{"embeddable":true,"href":"https:\/\/petfest.ee\/et\/wp-json\/wp\/v2\/comments?post=2362665"}],"wp:featuredmedia":[{"embeddable":true,"href":"https:\/\/petfest.ee\/et\/wp-json\/wp\/v2\/media\/2362667"}],"wp:attachment":[{"href":"https:\/\/petfest.ee\/et\/wp-json\/wp\/v2\/media?parent=2362665"}],"wp:term":[{"taxonomy":"product_cat","embeddable":true,"href":"https:\/\/petfest.ee\/et\/wp-json\/wp\/v2\/product_cat?post=2362665"},{"taxonomy":"product_tag","embeddable":true,"href":"https:\/\/petfest.ee\/et\/wp-json\/wp\/v2\/product_tag?post=2362665"}],"curies":[{"name":"wp","href":"https:\/\/api.w.org\/{rel}","templated":true}]}}