{"id":2362661,"date":"2026-04-24T06:43:27","date_gmt":"2026-04-24T06:43:27","guid":{"rendered":""},"modified":"2026-04-24T06:43:27","modified_gmt":"2026-04-24T06:43:27","slug":"catfest-einekotike-kana-ja-pardiga-zelees-margtoit-kassidele-12-x-70-g","status":"publish","type":"product","link":"https:\/\/petfest.ee\/et\/p\/catfest-einekotike-kana-ja-pardiga-zelees-margtoit-kassidele-12-x-70-g\/","title":{"rendered":"CatFest einekotike kana ja pardiga \u017eelees,m\u00e4rgtoit kassidele 12 x 70 g"},"content":{"rendered":"<p>Kanalihast ja pardi fileest koosnev eine on t\u00f5eline gurmeenauding k\u00f5ige n\u00f5udlikumatele kassigurmaanidele. \u00d5rna kana ja mahlase pardiliha kombinatsioon pakub teie lemmikloomale ainulaadset maitset, millest ta ei suuda keelduda. Pakutakse t\u00e4iendava loodusliku toiduna.<\/p>\n<p><B>Koostis:<\/B> Kanafilee 54%, pardiliha 6%, kanapuljong 38%, an\u0161oovise kala\u00f5li, prebiootikumid FOS, E-vitamiin, tauriin, siguriekstrakt, mineraalid.<\/p>\n<p><B>Anal\u00fc\u00fctilised koostisosad<\/B>: Toorvalk 9,5%, toorrasv 1,5%, toorkiud 1%, toortuhk 1%, niiskus 89%, energiasisaldus \u2014 45,61 kcal.<\/p>\n<p><B>Eelised:<\/B> See toit on loodud neile, kes hindavad looduslikku ja kvaliteetset toitumist. Pardilihast p\u00e4rit Omega-3 ja Omega-6 rasvhapped toetavad naha tervist ning muudavad karva l\u00e4ikivaks ja siidiseks. Tauriin soodustab s\u00fcdame ja n\u00e4gemise tervist, samas kui E-vitamiin tugevdab immuuns\u00fcsteemi. Siguriekstrakt parandab seedimist ja v\u00e4hendab v\u00e4ljaheidete l\u00f5hna.<\/p>\n<p><B>Kasutamine<\/B>: Sobib t\u00e4iendava loodusliku toiduna k\u00f5igile t\u00e4iskasvanud kodukassidele, sealhulgas steriliseeritud ja kastreeritud kassidele, samuti kassidele, kellel on allergia ja seedeprobleemid. Serveerida toatemperatuuril. Hoida jahedas ja kuivas kohas. P\u00e4evas v\u00f5ib anda kuni 3 pakikest. Lemmikloomal peab alati olema saadaval v\u00e4rske vesi.<\/p>","protected":false},"excerpt":{"rendered":"<p>79218060 6921959218060<\/p>\n","protected":false},"featured_media":2362663,"comment_status":"closed","ping_status":"closed","template":"","meta":{"inline_featured_image":false},"product_cat":[238,236],"product_tag":[],"_links":{"self":[{"href":"https:\/\/petfest.ee\/et\/wp-json\/wp\/v2\/product\/2362661"}],"collection":[{"href":"https:\/\/petfest.ee\/et\/wp-json\/wp\/v2\/product"}],"about":[{"href":"https:\/\/petfest.ee\/et\/wp-json\/wp\/v2\/types\/product"}],"replies":[{"embeddable":true,"href":"https:\/\/petfest.ee\/et\/wp-json\/wp\/v2\/comments?post=2362661"}],"wp:featuredmedia":[{"embeddable":true,"href":"https:\/\/petfest.ee\/et\/wp-json\/wp\/v2\/media\/2362663"}],"wp:attachment":[{"href":"https:\/\/petfest.ee\/et\/wp-json\/wp\/v2\/media?parent=2362661"}],"wp:term":[{"taxonomy":"product_cat","embeddable":true,"href":"https:\/\/petfest.ee\/et\/wp-json\/wp\/v2\/product_cat?post=2362661"},{"taxonomy":"product_tag","embeddable":true,"href":"https:\/\/petfest.ee\/et\/wp-json\/wp\/v2\/product_tag?post=2362661"}],"curies":[{"name":"wp","href":"https:\/\/api.w.org\/{rel}","templated":true}]}}