{"id":2362649,"date":"2026-04-24T06:43:27","date_gmt":"2026-04-24T06:43:27","guid":{"rendered":""},"modified":"2026-04-24T06:43:27","modified_gmt":"2026-04-24T06:43:27","slug":"catfest-einekotike-kanaga-zelees-margtoit-kassidele-12-x-70-g","status":"publish","type":"product","link":"https:\/\/petfest.ee\/et\/p\/catfest-einekotike-kanaga-zelees-margtoit-kassidele-12-x-70-g\/","title":{"rendered":"CatFest einekotike kanaga \u017eelees, m\u00e4rgtoit kassidele 12 x 70 g"},"content":{"rendered":"<p>Mahlased kanat\u00fckid ehtsas tarretises on ideaalne maiuspala teie kassile, valmistatud ilma liigsete lisanditeta. Selle roa loomulik maitse ja \u00f5rn tekstuur r\u00f5\u00f5mustavad isegi k\u00f5ige valivamaid lemmikloomi, andes neile energiat ja head tuju kogu p\u00e4evaks. Pakutakse t\u00e4iendava naturaalse toiduna.<\/p>\n<p><B>Koostis:<\/B> kanafilee 58%, kanapuljong 40%, prebiootikumid FOS, an\u0161oovise kala\u00f5li, E-vitamiin, tauriin, siguriekstrakt, mineraalid.<\/p>\n<p><B>Anal\u00fc\u00fctilised koostisosad<\/B>: toorvalk 9,5%, toorrasv 1,5%, toorkiud 1%, toortuhk 1%, niiskus 89%, energiasisaldus \u2014 42,2 kcal.<\/p>\n<p><B>Eelised:<\/B> Ei sisalda v\u00e4rvaineid, s\u00e4ilitusaineid ega maitsetugevdajaid. Ei sisalda teravilja, maisi, soja, gluteeni, k\u00f5rvalsaadusi ega GMO-d. Tauriin m\u00f5jutab positiivselt kassi s\u00fcdant, n\u00e4gemist, kuulmist ja immuuns\u00fcsteemi. Omega-3 ja Omega-6 rasvhapped an\u0161oovisest aitavad kaasa ilusa ja terve karvkatte kasvule ning tugevdavad liigeseid ja hambaid. Sigur v\u00e4hendab kassiekskrementide l\u00f5hna, aidates s\u00e4ilitada \u00f5hu v\u00e4rskust liivakasti \u00fcmbruses.<\/p>\n<p><B>Kasutamine<\/B>: Sobib t\u00e4iendava loodusliku toiduna k\u00f5igile t\u00e4iskasvanud kodukassidele, sealhulgas steriliseeritud ja kastreeritud kassidele, samuti kassidele, kellel on allergia ja seedeprobleemid. Serveerida toatemperatuuril. Hoida jahedas ja kuivas kohas. P\u00e4evas v\u00f5ib anda kuni 3 pakikest. Lemmikloomal peab alati olema saadaval v\u00e4rske vesi.<\/p>","protected":false},"excerpt":{"rendered":"<p>79218039 6921959218039<\/p>\n","protected":false},"featured_media":2362651,"comment_status":"closed","ping_status":"closed","template":"","meta":{"inline_featured_image":false},"product_cat":[238,236],"product_tag":[],"_links":{"self":[{"href":"https:\/\/petfest.ee\/et\/wp-json\/wp\/v2\/product\/2362649"}],"collection":[{"href":"https:\/\/petfest.ee\/et\/wp-json\/wp\/v2\/product"}],"about":[{"href":"https:\/\/petfest.ee\/et\/wp-json\/wp\/v2\/types\/product"}],"replies":[{"embeddable":true,"href":"https:\/\/petfest.ee\/et\/wp-json\/wp\/v2\/comments?post=2362649"}],"wp:featuredmedia":[{"embeddable":true,"href":"https:\/\/petfest.ee\/et\/wp-json\/wp\/v2\/media\/2362651"}],"wp:attachment":[{"href":"https:\/\/petfest.ee\/et\/wp-json\/wp\/v2\/media?parent=2362649"}],"wp:term":[{"taxonomy":"product_cat","embeddable":true,"href":"https:\/\/petfest.ee\/et\/wp-json\/wp\/v2\/product_cat?post=2362649"},{"taxonomy":"product_tag","embeddable":true,"href":"https:\/\/petfest.ee\/et\/wp-json\/wp\/v2\/product_tag?post=2362649"}],"curies":[{"name":"wp","href":"https:\/\/api.w.org\/{rel}","templated":true}]}}