{"id":2362645,"date":"2026-04-24T06:43:27","date_gmt":"2026-04-24T06:43:27","guid":{"rendered":""},"modified":"2026-04-24T06:43:27","modified_gmt":"2026-04-24T06:43:27","slug":"catfest-einekotike-tuunikala-ja-merelatikas-zelees-margtoit-kassidele-12-x-70-g","status":"publish","type":"product","link":"https:\/\/petfest.ee\/et\/p\/catfest-einekotike-tuunikala-ja-merelatikas-zelees-margtoit-kassidele-12-x-70-g\/","title":{"rendered":"CatFest einekotike tuunikala ja merelatikas \u017eelees, m\u00e4rgtoit kassidele 12 x 70 g"},"content":{"rendered":"<p>Vaikse ookeani h\u00f5rgutistest tuunikala ja meriahven pakuvad teie lemmikloomale t\u00f5elist naudingut. \u00d5rn \u017eelee t\u00e4iendab harmooniliselt v\u00e4rske kala tekstuuri ja maitset, luues ideaalse roa kasside gurmaanidele. Pakutakse t\u00e4iendava naturaalse toiduna.<\/p>\n<p><B>Koostis:<\/B> tuunikala 54%, merelatikas 6%, kalapuljong 38%, prebiootikumid FOS, an\u0161oovise kala\u00f5li, E-vitamiin, tauriin, siguriekstrakt.<\/p>\n<p><B>Anal\u00fc\u00fctilised koostisosad<\/B>: toorvalk 10%, toorrasv 0,8%, toorkiud 1%, toortuhk 1,5%, niiskus 89%, energiasisaldus \u2014 46,4 kcal.<\/p>\n<p><B>Eelised:<\/B> Ei sisalda v\u00e4rvaineid, s\u00e4ilitusaineid ega maitsetugevdajaid. Ei sisalda teravilja, maisi, soja, gluteeni, k\u00f5rvalsaadusi ega GMO-sid. Tauriin m\u00f5jutab positiivselt s\u00fcdant, n\u00e4gemist, kuulmist ja immuuns\u00fcsteemi. An\u0161oovistest saadud Omega-3 ja Omega-6 rasvhapped soodustavad ilusa ja tervisliku karva kasvu ning tugevdavad liigeseid ja hambaid. Sigur v\u00e4hendab kassiekskrementide l\u00f5hna, aidates hoida \u00f5hku v\u00e4rskena.<\/p>\n<p><B>Kasutamine<\/B>: Sobib t\u00e4iendava naturaalse toiduna k\u00f5ikidele t\u00e4iskasvanud kassidele, sealhulgas steriliseeritud ja kastreeritud kassidele, samuti allergiate ja seedeprobleemidega kassidele. Serveeri toatemperatuuril. Hoida jahedas ja kuivas kohas. Kasutada kuni 3 pakki p\u00e4evas. Tagage alati ligip\u00e4\u00e4s v\u00e4rskele veele.<\/p>","protected":false},"excerpt":{"rendered":"<p>79218022 6921959218022<\/p>\n","protected":false},"featured_media":2362647,"comment_status":"closed","ping_status":"closed","template":"","meta":{"inline_featured_image":false},"product_cat":[238,236],"product_tag":[],"_links":{"self":[{"href":"https:\/\/petfest.ee\/et\/wp-json\/wp\/v2\/product\/2362645"}],"collection":[{"href":"https:\/\/petfest.ee\/et\/wp-json\/wp\/v2\/product"}],"about":[{"href":"https:\/\/petfest.ee\/et\/wp-json\/wp\/v2\/types\/product"}],"replies":[{"embeddable":true,"href":"https:\/\/petfest.ee\/et\/wp-json\/wp\/v2\/comments?post=2362645"}],"wp:featuredmedia":[{"embeddable":true,"href":"https:\/\/petfest.ee\/et\/wp-json\/wp\/v2\/media\/2362647"}],"wp:attachment":[{"href":"https:\/\/petfest.ee\/et\/wp-json\/wp\/v2\/media?parent=2362645"}],"wp:term":[{"taxonomy":"product_cat","embeddable":true,"href":"https:\/\/petfest.ee\/et\/wp-json\/wp\/v2\/product_cat?post=2362645"},{"taxonomy":"product_tag","embeddable":true,"href":"https:\/\/petfest.ee\/et\/wp-json\/wp\/v2\/product_tag?post=2362645"}],"curies":[{"name":"wp","href":"https:\/\/api.w.org\/{rel}","templated":true}]}}