{"id":2362641,"date":"2026-04-24T06:43:27","date_gmt":"2026-04-24T06:43:27","guid":{"rendered":""},"modified":"2026-04-24T06:43:27","modified_gmt":"2026-04-24T06:43:27","slug":"catfest-einekotike-tuunikala-ja-lohega-zelees-margtoit-kassidele-12-x-70-g","status":"publish","type":"product","link":"https:\/\/petfest.ee\/et\/p\/catfest-einekotike-tuunikala-ja-lohega-zelees-margtoit-kassidele-12-x-70-g\/","title":{"rendered":"CatFest einekotike tuunikala ja l\u00f5hega \u017eelees,m\u00e4rgtoit kassidele 12 x 70 g"},"content":{"rendered":"<p>Meie t\u00e4iends\u00f6\u00f6t v\u00e4\u00e4riskaladest, nagu tuunikala ja l\u00f5he, pakub teie lemmikloomale t\u00f5elist naudingut. Selle roa peen maitse v\u00f5lub ka k\u00f5ige n\u00f5udlikumad gurmaanid, samas kui naturaalne koostis tagab tervisliku toitumise ja hea enesetunde. Pakutakse t\u00e4iendava toiduna.<\/p>\n<p><B>Koostis:<\/B> tuunikala 54%, l\u00f5he 6%, kalapuljong 38%, prebiootikumid FOS, l\u00f5he\u00f5li, E-vitamiin, tauriin, siguriekstrakt.<\/p>\n<p><B>Anal\u00fc\u00fctilised koostisosad<\/B>: toorvalk 10%, toorrasv 0,8%, toorkiud 1%, toortuhk 1,5%, niiskus 89%, energiasisaldus \u2014 46,45 kcal.<\/p>\n<p><B>Eelised:<\/B> See konservantide ja kunstlike lisanditeta toit on t\u00f5eline delikatess teie kassile. L\u00f5hest p\u00e4rit Omega-3 ja Omega-6 rasvhapped aitavad s\u00e4ilitada naha tervist ja muudavad karva l\u00e4ikivaks. Tauriin toetab s\u00fcdame t\u00f6\u00f6d ja parandab n\u00e4gemist, samal ajal kui E-vitamiin tugevdab immuuns\u00fcsteemi. Siguriekstrakt aitab parandada seedimist ja v\u00e4hendab kassiekskrementide l\u00f5hna.<\/p>\n<p><B>Kasutamine<\/B>:Sobib t\u00e4iendava loodusliku toiduna k\u00f5igile t\u00e4iskasvanud kodukassidele, sealhulgas steriliseeritud ja kastreeritud kassidele, samuti kassidele, kellel on allergia ja seedeprobleemid. Serveerida toatemperatuuril. Hoida jahedas ja kuivas kohas. P\u00e4evas v\u00f5ib anda kuni 3 pakikest. Lemmikloomal peab alati olema saadaval v\u00e4rske vesi.<\/p>","protected":false},"excerpt":{"rendered":"<p>79218015 6921959218015<\/p>\n","protected":false},"featured_media":2362643,"comment_status":"closed","ping_status":"closed","template":"","meta":{"inline_featured_image":false},"product_cat":[238,236],"product_tag":[],"_links":{"self":[{"href":"https:\/\/petfest.ee\/et\/wp-json\/wp\/v2\/product\/2362641"}],"collection":[{"href":"https:\/\/petfest.ee\/et\/wp-json\/wp\/v2\/product"}],"about":[{"href":"https:\/\/petfest.ee\/et\/wp-json\/wp\/v2\/types\/product"}],"replies":[{"embeddable":true,"href":"https:\/\/petfest.ee\/et\/wp-json\/wp\/v2\/comments?post=2362641"}],"wp:featuredmedia":[{"embeddable":true,"href":"https:\/\/petfest.ee\/et\/wp-json\/wp\/v2\/media\/2362643"}],"wp:attachment":[{"href":"https:\/\/petfest.ee\/et\/wp-json\/wp\/v2\/media?parent=2362641"}],"wp:term":[{"taxonomy":"product_cat","embeddable":true,"href":"https:\/\/petfest.ee\/et\/wp-json\/wp\/v2\/product_cat?post=2362641"},{"taxonomy":"product_tag","embeddable":true,"href":"https:\/\/petfest.ee\/et\/wp-json\/wp\/v2\/product_tag?post=2362641"}],"curies":[{"name":"wp","href":"https:\/\/api.w.org\/{rel}","templated":true}]}}