{"id":2362637,"date":"2026-04-24T06:43:27","date_gmt":"2026-04-24T06:43:27","guid":{"rendered":""},"modified":"2026-04-24T06:43:27","modified_gmt":"2026-04-24T06:43:27","slug":"catfest-einekotike-tuunikalaga-zelees-margtoit-kassidele-12-x-70-g","status":"publish","type":"product","link":"https:\/\/petfest.ee\/et\/p\/catfest-einekotike-tuunikalaga-zelees-margtoit-kassidele-12-x-70-g\/","title":{"rendered":"CatFest einekotike tuunikalaga \u017eelees,m\u00e4rgtoit kassidele 12 x 70 g"},"content":{"rendered":"<p>Metsik tuunikala tarretises \u2014 t\u00f5eline looduslik maius teie kassile! Aurutatud \u00f5rn tuunikalafilee s\u00e4ilitab k\u00f5ik vitamiinid ja mineraalid, mis on vajalikud teie lemmiku tervise hoidmiseks. Meie retsept on rikastatud tauriiniga, mis toetab teie kassi s\u00fcdame ja n\u00e4gemise tervist. Pakutakse t\u00e4iendava toiduna.<br \/>\n<B>Koostis:<\/B> tuunikala 58%, kalapuljong 40%, an\u0161oovise kala\u00f5li, prebiootikumid FOS, E-vitamiin, tauriin, siguriekstrakt, mineraalained.<\/p>\n<p><B>Anal\u00fc\u00fctilised koostisosad<\/B>: toorvalk 10%, toorrasv 0,8%, toorkiud 1%, toortuhk 1,5%, niiskus 89%, energiasisaldus \u2014 46,7 kcal.<\/p>\n<p><B>Eelised:<\/B> Ei sisalda v\u00e4rvaineid, s\u00e4ilitusaineid ega maitsetugevdajaid. Ei sisalda teravilja, maisi, soja, gluteeni, k\u00f5rvalsaadusi ega GMO-d. Tauriini positiivne m\u00f5ju avaldub s\u00fcdame, n\u00e4gemise, kuulmisorganite ja immuuns\u00fcsteemi toetamisel. Omega-3 ja Omega-6 rasvhapped an\u0161oovisest aitavad kaasa ilusa ja terve karvkatte kasvule ning tugevdavad liigeseid ja hambaid. Sigur v\u00e4hendab kassiekskrementide l\u00f5hna, aidates s\u00e4ilitada \u00f5hu v\u00e4rskust liivakasti \u00fcmbruses.<\/p>\n<p><B>Kasutamine<\/B>: Sobib t\u00e4iendavaks looduslikuks toiduks k\u00f5igile t\u00e4iskasvanud kodukassidele, sealhulgas steriliseeritud ja kastreeritud kassidele ning neile, kellel on allergiad v\u00f5i seedes\u00fcsteemi probleemid. Serveerige toatemperatuuril. Hoida jahedas ja kuivas kohas.  P\u00e4evas v\u00f5ib anda kuni 3 pakikest. Lemmikloomal peab alati olema saadaval v\u00e4rske vesi.<\/p>","protected":false},"excerpt":{"rendered":"<p>79217995 6921959217995<\/p>\n","protected":false},"featured_media":2362639,"comment_status":"closed","ping_status":"closed","template":"","meta":{"inline_featured_image":false},"product_cat":[238,236],"product_tag":[],"_links":{"self":[{"href":"https:\/\/petfest.ee\/et\/wp-json\/wp\/v2\/product\/2362637"}],"collection":[{"href":"https:\/\/petfest.ee\/et\/wp-json\/wp\/v2\/product"}],"about":[{"href":"https:\/\/petfest.ee\/et\/wp-json\/wp\/v2\/types\/product"}],"replies":[{"embeddable":true,"href":"https:\/\/petfest.ee\/et\/wp-json\/wp\/v2\/comments?post=2362637"}],"wp:featuredmedia":[{"embeddable":true,"href":"https:\/\/petfest.ee\/et\/wp-json\/wp\/v2\/media\/2362639"}],"wp:attachment":[{"href":"https:\/\/petfest.ee\/et\/wp-json\/wp\/v2\/media?parent=2362637"}],"wp:term":[{"taxonomy":"product_cat","embeddable":true,"href":"https:\/\/petfest.ee\/et\/wp-json\/wp\/v2\/product_cat?post=2362637"},{"taxonomy":"product_tag","embeddable":true,"href":"https:\/\/petfest.ee\/et\/wp-json\/wp\/v2\/product_tag?post=2362637"}],"curies":[{"name":"wp","href":"https:\/\/api.w.org\/{rel}","templated":true}]}}