{"id":2362634,"date":"2026-04-24T06:43:27","date_gmt":"2026-04-24T06:43:27","guid":{"rendered":""},"modified":"2026-04-24T06:43:27","modified_gmt":"2026-04-24T06:43:27","slug":"dogfest-palmik-kana-ja-pardilihast-ning-tursast-keskmistele-ja-suurtele-koertele-90g","status":"publish","type":"product","link":"https:\/\/petfest.ee\/et\/p\/dogfest-palmik-kana-ja-pardilihast-ning-tursast-keskmistele-ja-suurtele-koertele-90g\/","title":{"rendered":"DogFest palmik kana- ja pardilihast ning tursast keskmistele  ja suurtele  koertele 90g"},"content":{"rendered":"<p>Maitsev maius kana- ja pardilihast koos ookeani tursafileega on ideaalne viis premeerida oma lemmiklooma hea k\u00e4itumise eest. Valmistasime need patsikesed v\u00e4rskest looduslikust lihast, millel on optimaalne tekstuur \u2013 need ei ole liiga pehmed ega liiga k\u00f5vad, mis teeb nende n\u00e4rimise mugavaks igas suuruses koertele.<\/p>\n<p><B>Koostis:<\/B> kanaliha 23,8%, pardiliha 23,8%, tursk 23,8%, taimset p\u00e4ritolu k\u00f5rvalsaadused, mineraalid.<\/p>\n<p><B>Anal\u00fc\u00fctilised koostisosad<\/B>: toorvalk 25%, toorrasv 6%, niiskus 26%, toorkiud 1%, toortuhk 4%, energeetiline v\u00e4\u00e4rtus \u2014 326 kcal.<\/p>\n<p><B>Eelised:<\/B> Meie maius ei sisalda kunstlikke lisandeid ega s\u00e4ilitusaineid. K\u00f5rge valgusisaldus aitab s\u00e4ilitada lihaste toonust. \u00d5rn ookeani tursafilee varustab teie lemmikut vajalike rasvhapetega, mis on kasulikud naha ja karva tervisele.<\/p>\n<p><B>Kasutamine<\/B>: Serveeri p\u00e4eva jooksul maiuspalana. Maksimaalne p\u00e4evane kogus: 1\u20132 t\u00fckki. Reguleerige kogust vastavalt oma lemmiku vajadustele ja seisundile. V\u00e4rske joogivesi peab olema alati saadaval. \u00c4rge j\u00e4tke koera j\u00e4relevalveta, kui tal on maiuspala v\u00f5i pakk k\u00e4es. \u00c4rge laske koeral s\u00fc\u00fca hapniku absorbeerijat pakendi sees. Hoidke kuivas ja jahedas, p\u00e4rast avamist sulgege pakk ja hoidke k\u00fclmkapis.<\/p>","protected":false},"excerpt":{"rendered":"<p>79214932 6921959214932<\/p>\n","protected":false},"featured_media":2362737,"comment_status":"closed","ping_status":"closed","template":"","meta":{"inline_featured_image":false},"product_cat":[189,190,192,191],"product_tag":[],"_links":{"self":[{"href":"https:\/\/petfest.ee\/et\/wp-json\/wp\/v2\/product\/2362634"}],"collection":[{"href":"https:\/\/petfest.ee\/et\/wp-json\/wp\/v2\/product"}],"about":[{"href":"https:\/\/petfest.ee\/et\/wp-json\/wp\/v2\/types\/product"}],"replies":[{"embeddable":true,"href":"https:\/\/petfest.ee\/et\/wp-json\/wp\/v2\/comments?post=2362634"}],"wp:featuredmedia":[{"embeddable":true,"href":"https:\/\/petfest.ee\/et\/wp-json\/wp\/v2\/media\/2362737"}],"wp:attachment":[{"href":"https:\/\/petfest.ee\/et\/wp-json\/wp\/v2\/media?parent=2362634"}],"wp:term":[{"taxonomy":"product_cat","embeddable":true,"href":"https:\/\/petfest.ee\/et\/wp-json\/wp\/v2\/product_cat?post=2362634"},{"taxonomy":"product_tag","embeddable":true,"href":"https:\/\/petfest.ee\/et\/wp-json\/wp\/v2\/product_tag?post=2362634"}],"curies":[{"name":"wp","href":"https:\/\/api.w.org\/{rel}","templated":true}]}}