{"id":2362631,"date":"2026-04-24T06:43:27","date_gmt":"2026-04-24T06:43:27","guid":{"rendered":""},"modified":"2026-04-24T06:43:27","modified_gmt":"2026-04-24T06:43:27","slug":"dogfest-kana-ja-pardiliha-medaljonid-koikidele-koertele-90g","status":"publish","type":"product","link":"https:\/\/petfest.ee\/et\/p\/dogfest-kana-ja-pardiliha-medaljonid-koikidele-koertele-90g\/","title":{"rendered":"DogFest kana- ja pardiliha medaljonid k\u00f5ikidele koertele 90g"},"content":{"rendered":"<p>Medaljonid valitud kana- ja pardifileest on looduslik maiuspala koertele, mis sobib suurep\u00e4raselt nende igap\u00e4evasele toidule lisamiseks. Pehme tekstuur ja mugav kuju teevad need medaljonid ideaalseks preemiaks treeningutel v\u00f5i lihtsalt m\u00e4rgiks teie hoolivusest ja armastusest lemmiku vastu.<\/p>\n<p><B>Koostis:<\/B> kanaliha 36,7%, pardiliha 36,7%, taimset p\u00e4ritolu k\u00f5rvalsaadused, mineraalid.<\/p>\n<p><B>Anal\u00fc\u00fctilised koostisosad<\/B>: toorvalk 36%, toorrasv 6%, niiskus 21%, toorkiud 1%, toortuhk 5%, energeetiline v\u00e4\u00e4rtus \u2014 314 kcal.<\/p>\n<p><B>Eelised:<\/B> Meie maius ei sisalda kunstlikke v\u00e4rvaineid, s\u00e4ilitusaineid ega maitsetugevdajaid. K\u00f5rge valgusisaldus aitab tugevdada lihaseid ja toetab koera aktiivset eluviisi. Tasakaalustatud koostis annab lemmikule vajaliku energia ja toitained.<\/p>\n<p><B>Kasutamine<\/B>: Serveeri p\u00e4eva jooksul maiuspalana. Maksimaalne p\u00e4evane kogus: 1\u20132 t\u00fckki. Reguleerige kogust vastavalt oma lemmiku vajadustele ja seisundile. V\u00e4rske joogivesi peab olema alati saadaval. \u00c4rge j\u00e4tke koera j\u00e4relevalveta, kui tal on maiuspala v\u00f5i pakk k\u00e4es. \u00c4rge laske koeral s\u00fc\u00fca hapniku absorbeerijat pakendi sees. Hoidke kuivas ja jahedas, p\u00e4rast avamist sulgege pakk ja hoidke k\u00fclmkapis.<\/p>","protected":false},"excerpt":{"rendered":"<p>79214925 6921959214925<\/p>\n","protected":false},"featured_media":2362736,"comment_status":"closed","ping_status":"closed","template":"","meta":{"inline_featured_image":false},"product_cat":[189,190,192,191],"product_tag":[],"_links":{"self":[{"href":"https:\/\/petfest.ee\/et\/wp-json\/wp\/v2\/product\/2362631"}],"collection":[{"href":"https:\/\/petfest.ee\/et\/wp-json\/wp\/v2\/product"}],"about":[{"href":"https:\/\/petfest.ee\/et\/wp-json\/wp\/v2\/types\/product"}],"replies":[{"embeddable":true,"href":"https:\/\/petfest.ee\/et\/wp-json\/wp\/v2\/comments?post=2362631"}],"wp:featuredmedia":[{"embeddable":true,"href":"https:\/\/petfest.ee\/et\/wp-json\/wp\/v2\/media\/2362736"}],"wp:attachment":[{"href":"https:\/\/petfest.ee\/et\/wp-json\/wp\/v2\/media?parent=2362631"}],"wp:term":[{"taxonomy":"product_cat","embeddable":true,"href":"https:\/\/petfest.ee\/et\/wp-json\/wp\/v2\/product_cat?post=2362631"},{"taxonomy":"product_tag","embeddable":true,"href":"https:\/\/petfest.ee\/et\/wp-json\/wp\/v2\/product_tag?post=2362631"}],"curies":[{"name":"wp","href":"https:\/\/api.w.org\/{rel}","templated":true}]}}