{"id":2362602,"date":"2026-04-24T06:43:27","date_gmt":"2026-04-24T06:43:27","guid":{"rendered":""},"modified":"2026-04-24T06:43:27","modified_gmt":"2026-04-24T06:43:27","slug":"dogfest-kaltsiumikondid-kuulikulihaga-keskmistele-ja-suurtele-koertele-90g","status":"publish","type":"product","link":"https:\/\/petfest.ee\/et\/p\/dogfest-kaltsiumikondid-kuulikulihaga-keskmistele-ja-suurtele-koertele-90g\/","title":{"rendered":"DogFest kaltsiumikondid k\u00fc\u00fclikulihaga  keskmistele ja suurtele koertele 90g"},"content":{"rendered":"<p>Imeline kombinatsioon kasulikkusest ja maitsest &#8211; kaltsiumikont koos  k\u00fc\u00fcliku ja kana dieetlihaga. See madala kalorsusega maiuspala sobib k\u00f5igile karvastele kr\u00f5bistamise armastajatele, kahjustamata nende figuuri.<br \/>\n<B>Koostis:<\/B> k\u00fc\u00fclikuliha 30,8%, kanaliha 24%, kaltsiumikont, taimsed k\u00f5rvalsaadused, mineraalained.<br \/>\n<B>Anal\u00fc\u00fctilised koostisosad<\/B>: toorvalk  23%, toorrasv  4%, toorkiud  3%, toortuhk  7%, niiskus  23%; energiasisaldus-  284 kcal.<br \/>\n<B>Kasutamine<\/B>: Serveerige p\u00e4eva jooksul maiuspalana. Max. p\u00e4evane kogus: 1-2 tk. Kogust saab reguleerida vastavalt koera vajadustele ja seisundile. V\u00e4rske joogivesi peab olema alati saadaval. \u00c4ra j\u00e4ta koera j\u00e4relvalveta n\u00e4rimise ajal v\u00f5i \u00fcksi maiusepakendiga. Pakendis sisalduv hapniku absorbent ei ole s\u00f6\u00f6dav.  S\u00e4ilitada kuivas ja jahedas, p\u00e4rast avamist hoida k\u00fclmikus.<\/p>","protected":false},"excerpt":{"rendered":"<p>79214949 6921959214949<\/p>\n","protected":false},"featured_media":2362603,"comment_status":"closed","ping_status":"closed","template":"","meta":{"inline_featured_image":false},"product_cat":[189,192],"product_tag":[],"_links":{"self":[{"href":"https:\/\/petfest.ee\/et\/wp-json\/wp\/v2\/product\/2362602"}],"collection":[{"href":"https:\/\/petfest.ee\/et\/wp-json\/wp\/v2\/product"}],"about":[{"href":"https:\/\/petfest.ee\/et\/wp-json\/wp\/v2\/types\/product"}],"replies":[{"embeddable":true,"href":"https:\/\/petfest.ee\/et\/wp-json\/wp\/v2\/comments?post=2362602"}],"wp:featuredmedia":[{"embeddable":true,"href":"https:\/\/petfest.ee\/et\/wp-json\/wp\/v2\/media\/2362603"}],"wp:attachment":[{"href":"https:\/\/petfest.ee\/et\/wp-json\/wp\/v2\/media?parent=2362602"}],"wp:term":[{"taxonomy":"product_cat","embeddable":true,"href":"https:\/\/petfest.ee\/et\/wp-json\/wp\/v2\/product_cat?post=2362602"},{"taxonomy":"product_tag","embeddable":true,"href":"https:\/\/petfest.ee\/et\/wp-json\/wp\/v2\/product_tag?post=2362602"}],"curies":[{"name":"wp","href":"https:\/\/api.w.org\/{rel}","templated":true}]}}