{"id":2362259,"date":"2026-04-24T06:43:27","date_gmt":"2026-04-24T06:43:27","guid":{"rendered":""},"modified":"2026-04-24T06:43:27","modified_gmt":"2026-04-24T06:43:27","slug":"dogfest-treeningmaius-vutilihast-chia-seemnetega-koikidele-koertele-90g","status":"publish","type":"product","link":"https:\/\/petfest.ee\/et\/p\/dogfest-treeningmaius-vutilihast-chia-seemnetega-koikidele-koertele-90g\/","title":{"rendered":"DogFest treeningmaius vutilihast  chia seemnetega k\u00f5ikidele koertele 90g"},"content":{"rendered":"<p>Salveiseemned sisaldavad erakordselt palju kasulikke komponente: vitamiine, mineraalaineid, aminohappeid, oomega-3 ja oomega-6 rasvhappeid. Vutiliha on t\u00f5eline delikatess. Selline kombinatsioon t\u00e4hendab koertele t\u00e4iuslikku maiust.<br \/>\n<B>Koostis:<\/B> vutiliha 67,5%, \u00f5lisalvei seemned (chia) 8%, roheline tee, taimsed k\u00f5rvalsaadused, mineraalained.<br \/>\n<B>Anal\u00fc\u00fctilised koostisosad<\/B>: toorvalk 25%, toorrasv 8%, toorkiud 1%, toortuhk 5%, niiskus 23%.<br \/>\n<B>Kasutamine<\/B>:  Kogust saab reguleerida vastavalt koera vajadustele ja seisundile. V\u00e4rske joogivesi peab olema alati saadaval. \u00c4ra j\u00e4ta koera j\u00e4relvalveta n\u00e4rimise ajal v\u00f5i \u00fcksi maiusepakendiga. Pakendis sisalduv hapniku absorbent ei ole s\u00f6\u00f6dav.  S\u00e4ilitada kuivas ja jahedas, p\u00e4rast avamist hoida k\u00fclmikus.<\/p>","protected":false},"excerpt":{"rendered":"<p>79711915 6921499711915<\/p>\n","protected":false},"featured_media":2362260,"comment_status":"closed","ping_status":"closed","template":"","meta":{"inline_featured_image":false},"product_cat":[189,190,192,214,191],"product_tag":[],"_links":{"self":[{"href":"https:\/\/petfest.ee\/et\/wp-json\/wp\/v2\/product\/2362259"}],"collection":[{"href":"https:\/\/petfest.ee\/et\/wp-json\/wp\/v2\/product"}],"about":[{"href":"https:\/\/petfest.ee\/et\/wp-json\/wp\/v2\/types\/product"}],"replies":[{"embeddable":true,"href":"https:\/\/petfest.ee\/et\/wp-json\/wp\/v2\/comments?post=2362259"}],"wp:featuredmedia":[{"embeddable":true,"href":"https:\/\/petfest.ee\/et\/wp-json\/wp\/v2\/media\/2362260"}],"wp:attachment":[{"href":"https:\/\/petfest.ee\/et\/wp-json\/wp\/v2\/media?parent=2362259"}],"wp:term":[{"taxonomy":"product_cat","embeddable":true,"href":"https:\/\/petfest.ee\/et\/wp-json\/wp\/v2\/product_cat?post=2362259"},{"taxonomy":"product_tag","embeddable":true,"href":"https:\/\/petfest.ee\/et\/wp-json\/wp\/v2\/product_tag?post=2362259"}],"curies":[{"name":"wp","href":"https:\/\/api.w.org\/{rel}","templated":true}]}}