{"id":2362253,"date":"2026-04-24T06:43:27","date_gmt":"2026-04-24T06:43:27","guid":{"rendered":""},"modified":"2026-04-24T06:43:27","modified_gmt":"2026-04-24T06:43:27","slug":"dogfest-kalkuniliha-ornad-vorstikesed-ternespiimaga-45g","status":"publish","type":"product","link":"https:\/\/petfest.ee\/et\/p\/dogfest-kalkuniliha-ornad-vorstikesed-ternespiimaga-45g\/","title":{"rendered":"DogFest kalkuniliha \u00f5rnad vorstikesed ternespiimaga  45g"},"content":{"rendered":"<p>Me lisame ternespiima k\u00f5igile kutsikamaiustele, mida toodame. Ternespiim on tuntud tervisele kasulike omaduste poolest, see sisaldab rikkalikult vitamiine, mida kutsikas tugeva immuuns\u00fcsteemi ja normaalse arengu jaoks vajab.<br \/>\n<B>Koostis:<\/B> kanaliha 73,8%, kalkuniliha 10%, lehma ternespiim 2%, taimsed k\u00f5rvalsaadused, mineraalained..<br \/>\n<B>Anal\u00fc\u00fctilised koostisosad<\/B>: toorvalk 40%, toorrasv 4%, toorkiud 3%, toortuhk 8%, niiskus 23%.<br \/>\n<B>Kasutamine<\/B>:Serveerige p\u00e4eva jooksul maiuspalana. Max. p\u00e4evane kogus: 1-2 tk. Kogust saab reguleerida vastavalt koera vajadustele ja seisundile. V\u00e4rske joogivesi peab olema alati saadaval. \u00c4ra j\u00e4ta koera j\u00e4relvalveta n\u00e4rimise ajal v\u00f5i \u00fcksi maiusepakendiga. Pakendis sisalduv hapniku absorbent ei ole s\u00f6\u00f6dav.  S\u00e4ilitada kuivas ja jahedas, p\u00e4rast avamist hoida k\u00fclmikus.<\/p>","protected":false},"excerpt":{"rendered":"<p>79211382 6921959211382<\/p>\n","protected":false},"featured_media":2362254,"comment_status":"closed","ping_status":"closed","template":"","meta":{"inline_featured_image":false},"product_cat":[189,190],"product_tag":[],"_links":{"self":[{"href":"https:\/\/petfest.ee\/et\/wp-json\/wp\/v2\/product\/2362253"}],"collection":[{"href":"https:\/\/petfest.ee\/et\/wp-json\/wp\/v2\/product"}],"about":[{"href":"https:\/\/petfest.ee\/et\/wp-json\/wp\/v2\/types\/product"}],"replies":[{"embeddable":true,"href":"https:\/\/petfest.ee\/et\/wp-json\/wp\/v2\/comments?post=2362253"}],"wp:featuredmedia":[{"embeddable":true,"href":"https:\/\/petfest.ee\/et\/wp-json\/wp\/v2\/media\/2362254"}],"wp:attachment":[{"href":"https:\/\/petfest.ee\/et\/wp-json\/wp\/v2\/media?parent=2362253"}],"wp:term":[{"taxonomy":"product_cat","embeddable":true,"href":"https:\/\/petfest.ee\/et\/wp-json\/wp\/v2\/product_cat?post=2362253"},{"taxonomy":"product_tag","embeddable":true,"href":"https:\/\/petfest.ee\/et\/wp-json\/wp\/v2\/product_tag?post=2362253"}],"curies":[{"name":"wp","href":"https:\/\/api.w.org\/{rel}","templated":true}]}}