{"id":2361922,"date":"2026-04-24T06:43:27","date_gmt":"2026-04-24T06:43:27","guid":{"rendered":""},"modified":"2026-04-24T06:43:27","modified_gmt":"2026-04-24T06:43:27","slug":"dogfest-jaanalinnuliha-vorstikesed-koikidele-koertele-45g","status":"publish","type":"product","link":"https:\/\/petfest.ee\/et\/p\/dogfest-jaanalinnuliha-vorstikesed-koikidele-koertele-45g\/","title":{"rendered":"DogFest jaanalinnuliha vorstikesed k\u00f5ikidele koertele 45g"},"content":{"rendered":"<p>Metsiku looduse maitsega lihavorstikesed.. N\u00fc\u00fcdsest on treenid veelgi haaravamad. Sellel eksootilisel lihal on suurep\u00e4rane l\u00f5hn ja maitse.<br \/>\nSelle nimel on koerad valmis k\u00f5igeks.<br \/>\n<B>Koostis:<\/B> pardiliha 50,3%, jaanalinnuliha 30%,taimsed k\u00f5rvalsaadused, mineraalained.<br \/>\n<B>Anal\u00fc\u00fctilised koostisosad<\/B>: toorvalk 28%, rasvad 12%, toorkiud 1%, toortuhk 5%, niiskus 21%.<br \/>\n<B>Kasutamine<\/B>: Serveerige p\u00e4eva jooksul maiuspalana. Max. p\u00e4evane kogus: 1-2 tk. Kogust saab reguleerida vastavalt koera vajadustele ja seisundile. V\u00e4rske joogivesi peab olema alati saadaval. \u00c4ra j\u00e4ta koera j\u00e4relvalveta n\u00e4rimise ajal v\u00f5i \u00fcksi maiusepakendiga. Pakendis sisalduv hapniku absorbent ei ole s\u00f6\u00f6dav.  S\u00e4ilitada kuivas ja jahedas, p\u00e4rast avamist hoida k\u00fclmikus.<\/p>","protected":false},"excerpt":{"rendered":"<p>79208962 6921959208962<\/p>\n","protected":false},"featured_media":2361991,"comment_status":"closed","ping_status":"closed","template":"","meta":{"inline_featured_image":false},"product_cat":[189,192,191],"product_tag":[],"_links":{"self":[{"href":"https:\/\/petfest.ee\/et\/wp-json\/wp\/v2\/product\/2361922"}],"collection":[{"href":"https:\/\/petfest.ee\/et\/wp-json\/wp\/v2\/product"}],"about":[{"href":"https:\/\/petfest.ee\/et\/wp-json\/wp\/v2\/types\/product"}],"replies":[{"embeddable":true,"href":"https:\/\/petfest.ee\/et\/wp-json\/wp\/v2\/comments?post=2361922"}],"wp:featuredmedia":[{"embeddable":true,"href":"https:\/\/petfest.ee\/et\/wp-json\/wp\/v2\/media\/2361991"}],"wp:attachment":[{"href":"https:\/\/petfest.ee\/et\/wp-json\/wp\/v2\/media?parent=2361922"}],"wp:term":[{"taxonomy":"product_cat","embeddable":true,"href":"https:\/\/petfest.ee\/et\/wp-json\/wp\/v2\/product_cat?post=2361922"},{"taxonomy":"product_tag","embeddable":true,"href":"https:\/\/petfest.ee\/et\/wp-json\/wp\/v2\/product_tag?post=2361922"}],"curies":[{"name":"wp","href":"https:\/\/api.w.org\/{rel}","templated":true}]}}