{"id":2361830,"date":"2026-04-24T06:43:27","date_gmt":"2026-04-24T06:43:27","guid":{"rendered":""},"modified":"2026-04-24T06:43:27","modified_gmt":"2026-04-24T06:43:27","slug":"catfest-padjakesed-veiseliha-pureega-kassidele-30g","status":"publish","type":"product","link":"https:\/\/petfest.ee\/et\/p\/catfest-padjakesed-veiseliha-pureega-kassidele-30g\/","title":{"rendered":"CatFest padjakesed veiseliha p\u00fcreega kassidele 30g"},"content":{"rendered":"<p>Suurep\u00e4rane kombinatsioon kr\u00f5bedast koorikust ja h\u00f5rgust talu veiseliha naturaalp\u00fcreest teevad selle kassi armastatumaks v\u00f5\u00f5ruseks, poorne struktuur aga aitab lemmikloomal hambaid puhastada.<br \/>\n<B>Koostis:<\/B> teraviljad, taimne valk, mahe veiseliha 5%, munakollane, kalajahu, ookeanikrevett, Omega 3\/6 rasvhapped, puu- ja k\u00f6\u00f6giviljad (granaat\u00f5una seemned, metsa j\u00f5hvikas).<br \/>\n<B>Anal\u00fc\u00fctilised koostisosad<\/B>: toorvalk 20 %, rasvad 15 %, toorkiud 2,5 %, toortuhk 4 %, niiskus 10 %, energeetiline v\u00e4\u00e4rtus \u2013 360 kcal.<br \/>\n<B>Kasutamine<\/B>:Serveerige p\u00e4eva jooksul maiuspalana.Max. p\u00e4evane kogus: 1-2 tk. Kogust saab reguleerida vastavalt kassi vajadustele ja seisundile. V\u00e4rske joogivesi peab olema alati saadaval. \u00c4ra j\u00e4ta kassi j\u00e4relvalveta n\u00e4rimise ajal v\u00f5i \u00fcksi maiusepakendiga. Pakendis sisalduv hapniku absorbent ei ole s\u00f6\u00f6dav.  S\u00e4ilitada kuivas ja jahedas, p\u00e4rast avamist hoida k\u00fclmikus.<\/p>","protected":false},"excerpt":{"rendered":"<p>79207750 6921959207750<\/p>\n","protected":false},"featured_media":2362017,"comment_status":"closed","ping_status":"closed","template":"","meta":{"inline_featured_image":false},"product_cat":[237,236],"product_tag":[],"_links":{"self":[{"href":"https:\/\/petfest.ee\/et\/wp-json\/wp\/v2\/product\/2361830"}],"collection":[{"href":"https:\/\/petfest.ee\/et\/wp-json\/wp\/v2\/product"}],"about":[{"href":"https:\/\/petfest.ee\/et\/wp-json\/wp\/v2\/types\/product"}],"replies":[{"embeddable":true,"href":"https:\/\/petfest.ee\/et\/wp-json\/wp\/v2\/comments?post=2361830"}],"wp:featuredmedia":[{"embeddable":true,"href":"https:\/\/petfest.ee\/et\/wp-json\/wp\/v2\/media\/2362017"}],"wp:attachment":[{"href":"https:\/\/petfest.ee\/et\/wp-json\/wp\/v2\/media?parent=2361830"}],"wp:term":[{"taxonomy":"product_cat","embeddable":true,"href":"https:\/\/petfest.ee\/et\/wp-json\/wp\/v2\/product_cat?post=2361830"},{"taxonomy":"product_tag","embeddable":true,"href":"https:\/\/petfest.ee\/et\/wp-json\/wp\/v2\/product_tag?post=2361830"}],"curies":[{"name":"wp","href":"https:\/\/api.w.org\/{rel}","templated":true}]}}