{"id":7229,"date":"2021-03-04T16:52:07","date_gmt":"2021-03-04T14:52:07","guid":{"rendered":"https:\/\/petfest.ee\/et\/?page_id=7229"},"modified":"2025-01-22T14:09:34","modified_gmt":"2025-01-22T12:09:34","slug":"toote-kohta","status":"publish","type":"page","link":"https:\/\/petfest.ee\/et\/toote-kohta\/","title":{"rendered":"Tooted"},"content":{"rendered":"<section class=\"wpb-content-wrapper\"><p>[vc_row content_placement=&#8221;middle&#8221; woodmart_css_id=&#8221;6790da1526470&#8243; responsive_spacing=&#8221;eyJwYXJhbV90eXBlIjoid29vZG1hcnRfcmVzcG9uc2l2ZV9zcGFjaW5nIiwic2VsZWN0b3JfaWQiOiI2NzkwZGExNTI2NDcwIiwic2hvcnRjb2RlIjoidmNfcm93IiwiZGF0YSI6eyJ0YWJsZXQiOnt9LCJtb2JpbGUiOnt9fX0=&#8221; mobile_bg_img_hidden=&#8221;no&#8221; tablet_bg_img_hidden=&#8221;no&#8221; woodmart_parallax=&#8221;0&#8243; woodmart_gradient_switch=&#8221;no&#8221; woodmart_box_shadow=&#8221;no&#8221; wd_z_index=&#8221;no&#8221; woodmart_disable_overflow=&#8221;0&#8243; row_reverse_mobile=&#8221;0&#8243; row_reverse_tablet=&#8221;0&#8243;][vc_column width=&#8221;2\/3&#8243;][vc_empty_space woodmart_hide_large=&#8221;0&#8243; woodmart_hide_medium=&#8221;0&#8243; woodmart_hide_small=&#8221;0&#8243; woodmart_hide_extra_small=&#8221;0&#8243;][vc_column_text text_larger=&#8221;no&#8221;]<span style=\"font-size: 24px;\">Dog Fest on igas vanuses ja suuruses koerte lihamaiused, mille iga t\u00fckike valitakse ja t\u00f6\u00f6deldakse k\u00e4sitsi. Looduslikud, vitamiinide ja mineraalidega k\u00fcllastatud tooted Dog Fest on valmistatud tasakaalustatud toitumisest l\u00e4htuvalt kvaliteetsetest, ohututest ja hoolikalt valitud koostisosadest. <\/span><\/p>\n<p><span style=\"font-size: 24px;\">Tootevalik Dog Fest v\u00f5imaldab valida maiuse igale koerale ja kassile l\u00e4htuvalt tema maitse-eelistustest, kasvust, kaalust ja vanusest. Igal lemmikloomal on oma maitsed ja eelistused, kuid olenemata sellest, millise maiuse Dog Fest te meie toodangust ka ei valiks, v\u00f5ite olla kindel, et see on teie lemmikloomale meelep\u00e4rane!<\/span>[\/vc_column_text][vc_row_inner disable_element=&#8221;yes&#8221; css=&#8221;.vc_custom_1689767722510{background-color: #fffce8 !important;}&#8221; row_reverse_mobile=&#8221;0&#8243; row_reverse_tablet=&#8221;0&#8243; woodmart_css_id=&#8221;64b7cf26c4fe1&#8243; responsive_spacing=&#8221;eyJwYXJhbV90eXBlIjoid29vZG1hcnRfcmVzcG9uc2l2ZV9zcGFjaW5nIiwic2VsZWN0b3JfaWQiOiI2NGI3Y2YyNmM0ZmUxIiwic2hvcnRjb2RlIjoidmNfcm93X2lubmVyIiwiZGF0YSI6eyJ0YWJsZXQiOnt9LCJtb2JpbGUiOnt9fX0=&#8221; mobile_bg_img_hidden=&#8221;no&#8221; tablet_bg_img_hidden=&#8221;no&#8221; woodmart_parallax=&#8221;0&#8243; woodmart_gradient_switch=&#8221;no&#8221; woodmart_box_shadow=&#8221;no&#8221; wd_z_index=&#8221;no&#8221; woodmart_disable_overflow=&#8221;0&#8243;][vc_column_inner width=&#8221;1\/2&#8243;]<div id=\"wd-63611650f407a\" class=\" wd-rs-63611650f407a  wd-button-wrapper text-center\"><a href=\"https:\/\/petfest.ee\/wp-content\/uploads\/2022\/11\/dogfest1.pdf\" title=\"\" target=\"_blank\" class=\"btn btn-scheme-light btn-scheme-hover-light btn-style-default btn-style-semi-round btn-size-extra-large ss_but_icon btn-icon-pos-left\">DogFest &amp; CatFest brochure<span class=\"wd-btn-icon\"><span class=\"wd-icon fas fa-file-pdf\"><\/span><\/span><\/a><\/div>[vc_column_text woodmart_inline=&#8221;no&#8221; text_larger=&#8221;no&#8221;]<\/p>\n<p style=\"text-align: center;\">Laadige alla bro\u0161\u00fc\u00fcr<\/p>\n<p>[\/vc_column_text][\/vc_column_inner][vc_column_inner width=&#8221;1\/2&#8243;]<div id=\"wd-6361163d29a06\" class=\" wd-rs-6361163d29a06  wd-button-wrapper text-center\"><a href=\"https:\/\/petfest.ee\/wp-content\/uploads\/2022\/11\/dogfest2.pdf\" title=\"\" target=\"_blank\" class=\"btn btn-scheme-light btn-scheme-hover-light btn-style-default btn-style-semi-round btn-size-extra-large ss_but_icon btn-icon-pos-left\">DogFest &amp; CatFest catalog<span class=\"wd-btn-icon\"><span class=\"wd-icon fas fa-file-pdf\"><\/span><\/span><\/a><\/div>[vc_column_text woodmart_inline=&#8221;no&#8221; text_larger=&#8221;no&#8221;]<\/p>\n<p style=\"text-align: center;\">Laadige alla kataloog<\/p>\n<p>[\/vc_column_text][\/vc_column_inner][\/vc_row_inner][vc_empty_space woodmart_hide_large=&#8221;0&#8243; woodmart_hide_medium=&#8221;0&#8243; woodmart_hide_small=&#8221;0&#8243; woodmart_hide_extra_small=&#8221;0&#8243;][vc_empty_space woodmart_hide_large=&#8221;0&#8243; woodmart_hide_medium=&#8221;0&#8243; woodmart_hide_small=&#8221;0&#8243; woodmart_hide_extra_small=&#8221;0&#8243;][vc_empty_space woodmart_hide_large=&#8221;0&#8243; woodmart_hide_medium=&#8221;0&#8243; woodmart_hide_small=&#8221;0&#8243; woodmart_hide_extra_small=&#8221;0&#8243;][\/vc_column][vc_column width=&#8221;1\/3&#8243;]<div id=\"wd-678f9c21c6f52\" class=\" wd-rs-678f9c21c6f52  wd-button-wrapper text-center\"><a href=\"https:\/\/petfest.ee\/wp-content\/uploads\/2025\/01\/cat_catfest_2025.pdf\" title=\"\" target=\"_blank\" class=\"btn btn-scheme-light btn-scheme-hover-light btn-style-default btn-style-semi-round btn-size-extra-large ss_but_icon btn-icon-pos-left\">CatFest kataloog<span class=\"wd-btn-icon\"><span class=\"wd-icon fas fa-file-pdf\"><\/span><\/span><\/a><\/div>[vc_column_text woodmart_inline=&#8221;no&#8221; text_larger=&#8221;no&#8221;]<\/p>\n<p style=\"text-align: center;\">Laadige alla bro\u0161\u00fc\u00fcr<\/p>\n<p>[\/vc_column_text][vc_empty_space woodmart_hide_large=&#8221;0&#8243; woodmart_hide_medium=&#8221;0&#8243; woodmart_hide_small=&#8221;0&#8243;]<div id=\"wd-678f9c364d02c\" class=\" wd-rs-678f9c364d02c  wd-button-wrapper text-center\"><a href=\"https:\/\/petfest.ee\/wp-content\/uploads\/2025\/01\/cat_petfest_2025-.pdf\" title=\"\" target=\"_blank\" class=\"btn btn-scheme-light btn-scheme-hover-light btn-style-default btn-style-semi-round btn-size-extra-large ss_but_icon btn-icon-pos-left\">PetFest kataloog<span class=\"wd-btn-icon\"><span class=\"wd-icon fas fa-file-pdf\"><\/span><\/span><\/a><\/div>[vc_column_text woodmart_inline=&#8221;no&#8221; text_larger=&#8221;no&#8221;]<\/p>\n<p style=\"text-align: center;\">Laadige alla bro\u0161\u00fc\u00fcr<\/p>\n<p>[\/vc_column_text][vc_empty_space woodmart_hide_large=&#8221;0&#8243; woodmart_hide_medium=&#8221;0&#8243; woodmart_hide_small=&#8221;0&#8243;]<div id=\"wd-678e76ee51d8b\" class=\" wd-rs-678e76ee51d8b  wd-button-wrapper text-center\"><a href=\"https:\/\/petfest.ee\/wp-content\/uploads\/2025\/01\/cat_catfest_new_2025.pdf\" title=\"\" target=\"_blank\" class=\"btn btn-scheme-light btn-scheme-hover-light btn-style-default btn-style-semi-round btn-size-extra-large ss_but_icon btn-icon-pos-left\">CatFest uued tooted<span class=\"wd-btn-icon\"><span class=\"wd-icon fas fa-file-pdf\"><\/span><\/span><\/a><\/div>[vc_column_text woodmart_inline=&#8221;no&#8221; text_larger=&#8221;no&#8221;]<\/p>\n<p style=\"text-align: center;\">Laadige alla bro\u0161\u00fc\u00fcr<\/p>\n<p>[\/vc_column_text][vc_empty_space woodmart_hide_large=&#8221;0&#8243; woodmart_hide_medium=&#8221;0&#8243; woodmart_hide_small=&#8221;0&#8243;][\/vc_column][\/vc_row][vc_row][vc_column]\t\t\t\t<div class=\"wd-categories-wrap wd-wpb wd-rs-6790deeab5d48\">\n\t\t\t\t\t<div class=\"products woocommerce row categories-style-default wd-spacing-30 columns-3\">\n\t\t\t\t\t\n<div class=\" col-lg-4 col-md-4 col-sm-6 col-6 first  category-grid-item cat-design-center without-product-count product-category product first\" data-loop=\"1\">\n\t<div class=\"wrapp-category\">\n\t\t<div class=\"category-image-wrapp\">\n\t\t\t<a href=\"https:\/\/petfest.ee\/et\/cat\/looduslikud-koerte-maiused\/vaikest-tougu-koerte-maiused\/\" class=\"category-image\">\n\t\t\t\t\n\t\t\t\t<img width=\"400\" height=\"288\" src=\"https:\/\/petfest.ee\/wp-content\/uploads\/2021\/05\/small.jpg\" class=\"attachment-woocommerce_thumbnail size-woocommerce_thumbnail\" alt=\"\" decoding=\"async\" loading=\"lazy\" srcset=\"https:\/\/petfest.ee\/wp-content\/uploads\/2021\/05\/small.jpg 400w, https:\/\/petfest.ee\/wp-content\/uploads\/2021\/05\/small-150x108.jpg 150w, https:\/\/petfest.ee\/wp-content\/uploads\/2021\/05\/small-300x216.jpg 300w\" sizes=\"(max-width: 400px) 100vw, 400px\" \/>\t\t\t<\/a>\n\t\t<\/div>\n\t\t<div class=\"hover-mask\">\n\t\t\t<h3 class=\"wd-entities-title\">\n\t\t\t\tV\u00e4ikest t\u00f5ugu koerte maiused <mark class=\"count\">(31)<\/mark>\t\t\t<\/h3>\n\n\t\t\t\n\t\t\t\t\t<\/div>\n\n\t\t\t\t<a href=\"https:\/\/petfest.ee\/et\/cat\/looduslikud-koerte-maiused\/vaikest-tougu-koerte-maiused\/\" class=\"category-link wd-fill\" aria-label=\"Product category vaikest-tougu-koerte-maiused\"><\/a>\n\t\t\t<\/div>\n<\/div>\n\n<div class=\" col-lg-4 col-md-4 col-sm-6 col-6 category-grid-item cat-design-center without-product-count product-category product\" data-loop=\"2\">\n\t<div class=\"wrapp-category\">\n\t\t<div class=\"category-image-wrapp\">\n\t\t\t<a href=\"https:\/\/petfest.ee\/et\/cat\/looduslikud-koerte-maiused\/treeningmaius1\/\" class=\"category-image\">\n\t\t\t\t\n\t\t\t\t<img width=\"400\" height=\"288\" src=\"https:\/\/petfest.ee\/wp-content\/uploads\/2023\/03\/treeningmaius.jpg\" class=\"attachment-woocommerce_thumbnail size-woocommerce_thumbnail\" alt=\"\" decoding=\"async\" loading=\"lazy\" srcset=\"https:\/\/petfest.ee\/wp-content\/uploads\/2023\/03\/treeningmaius.jpg 400w, https:\/\/petfest.ee\/wp-content\/uploads\/2023\/03\/treeningmaius-300x216.jpg 300w, https:\/\/petfest.ee\/wp-content\/uploads\/2023\/03\/treeningmaius-150x108.jpg 150w\" sizes=\"(max-width: 400px) 100vw, 400px\" \/>\t\t\t<\/a>\n\t\t<\/div>\n\t\t<div class=\"hover-mask\">\n\t\t\t<h3 class=\"wd-entities-title\">\n\t\t\t\tTreeningmaius <mark class=\"count\">(4)<\/mark>\t\t\t<\/h3>\n\n\t\t\t\n\t\t\t\t\t<\/div>\n\n\t\t\t\t<a href=\"https:\/\/petfest.ee\/et\/cat\/looduslikud-koerte-maiused\/treeningmaius1\/\" class=\"category-link wd-fill\" aria-label=\"Product category treeningmaius1\"><\/a>\n\t\t\t<\/div>\n<\/div>\n\n<div class=\" col-lg-4 col-md-4 col-sm-6 col-6 last  category-grid-item cat-design-center without-product-count product-category product\" data-loop=\"3\">\n\t<div class=\"wrapp-category\">\n\t\t<div class=\"category-image-wrapp\">\n\t\t\t<a href=\"https:\/\/petfest.ee\/et\/cat\/looduslikud-koerte-maiused\/taiskasvanud-koerte-maiused\/\" class=\"category-image\">\n\t\t\t\t\n\t\t\t\t<img width=\"400\" height=\"288\" src=\"https:\/\/petfest.ee\/wp-content\/uploads\/2021\/05\/adult-new.jpeg\" class=\"attachment-woocommerce_thumbnail size-woocommerce_thumbnail\" alt=\"\" decoding=\"async\" loading=\"lazy\" srcset=\"https:\/\/petfest.ee\/wp-content\/uploads\/2021\/05\/adult-new.jpeg 400w, https:\/\/petfest.ee\/wp-content\/uploads\/2021\/05\/adult-new-150x108.jpeg 150w, https:\/\/petfest.ee\/wp-content\/uploads\/2021\/05\/adult-new-300x216.jpeg 300w\" sizes=\"(max-width: 400px) 100vw, 400px\" \/>\t\t\t<\/a>\n\t\t<\/div>\n\t\t<div class=\"hover-mask\">\n\t\t\t<h3 class=\"wd-entities-title\">\n\t\t\t\tT\u00e4iskasvanud koerte maiused <mark class=\"count\">(39)<\/mark>\t\t\t<\/h3>\n\n\t\t\t\n\t\t\t\t\t<\/div>\n\n\t\t\t\t<a href=\"https:\/\/petfest.ee\/et\/cat\/looduslikud-koerte-maiused\/taiskasvanud-koerte-maiused\/\" class=\"category-link wd-fill\" aria-label=\"Product category taiskasvanud-koerte-maiused\"><\/a>\n\t\t\t<\/div>\n<\/div>\n\n<div class=\" col-lg-4 col-md-4 col-sm-6 col-6 first  category-grid-item cat-design-center without-product-count product-category product last\" data-loop=\"4\">\n\t<div class=\"wrapp-category\">\n\t\t<div class=\"category-image-wrapp\">\n\t\t\t<a href=\"https:\/\/petfest.ee\/et\/cat\/looduslikud-koerte-maiused\/looduslikud-kutsikate-maiused\/\" class=\"category-image\">\n\t\t\t\t\n\t\t\t\t<img width=\"400\" height=\"288\" src=\"https:\/\/petfest.ee\/wp-content\/uploads\/2021\/05\/pupy.jpg\" class=\"attachment-woocommerce_thumbnail size-woocommerce_thumbnail\" alt=\"\" decoding=\"async\" loading=\"lazy\" srcset=\"https:\/\/petfest.ee\/wp-content\/uploads\/2021\/05\/pupy.jpg 400w, https:\/\/petfest.ee\/wp-content\/uploads\/2021\/05\/pupy-150x108.jpg 150w, https:\/\/petfest.ee\/wp-content\/uploads\/2021\/05\/pupy-300x216.jpg 300w\" sizes=\"(max-width: 400px) 100vw, 400px\" \/>\t\t\t<\/a>\n\t\t<\/div>\n\t\t<div class=\"hover-mask\">\n\t\t\t<h3 class=\"wd-entities-title\">\n\t\t\t\tLooduslikud kutsikate maiused <mark class=\"count\">(14)<\/mark>\t\t\t<\/h3>\n\n\t\t\t\n\t\t\t\t\t<\/div>\n\n\t\t\t\t<a href=\"https:\/\/petfest.ee\/et\/cat\/looduslikud-koerte-maiused\/looduslikud-kutsikate-maiused\/\" class=\"category-link wd-fill\" aria-label=\"Product category looduslikud-kutsikate-maiused\"><\/a>\n\t\t\t<\/div>\n<\/div>\n\n<div class=\" col-lg-4 col-md-4 col-sm-6 col-6 category-grid-item cat-design-center without-product-count product-category product first\" data-loop=\"5\">\n\t<div class=\"wrapp-category\">\n\t\t<div class=\"category-image-wrapp\">\n\t\t\t<a href=\"https:\/\/petfest.ee\/et\/cat\/tooted-kassidele\/konservid-ja-margtoit-kassidele\/\" class=\"category-image\">\n\t\t\t\t\n\t\t\t\t<img width=\"400\" height=\"288\" src=\"https:\/\/petfest.ee\/wp-content\/uploads\/2024\/09\/margtoit1.jpg\" class=\"attachment-woocommerce_thumbnail size-woocommerce_thumbnail\" alt=\"\" decoding=\"async\" loading=\"lazy\" srcset=\"https:\/\/petfest.ee\/wp-content\/uploads\/2024\/09\/margtoit1.jpg 400w, https:\/\/petfest.ee\/wp-content\/uploads\/2024\/09\/margtoit1-300x216.jpg 300w, https:\/\/petfest.ee\/wp-content\/uploads\/2024\/09\/margtoit1-150x108.jpg 150w\" sizes=\"(max-width: 400px) 100vw, 400px\" \/>\t\t\t<\/a>\n\t\t<\/div>\n\t\t<div class=\"hover-mask\">\n\t\t\t<h3 class=\"wd-entities-title\">\n\t\t\t\tKonservid ja m\u00e4rgtoit kassidele <mark class=\"count\">(37)<\/mark>\t\t\t<\/h3>\n\n\t\t\t\n\t\t\t\t\t<\/div>\n\n\t\t\t\t<a href=\"https:\/\/petfest.ee\/et\/cat\/tooted-kassidele\/konservid-ja-margtoit-kassidele\/\" class=\"category-link wd-fill\" aria-label=\"Product category konservid-ja-margtoit-kassidele1\"><\/a>\n\t\t\t<\/div>\n<\/div>\n\n<div class=\" col-lg-4 col-md-4 col-sm-6 col-6 last  category-grid-item cat-design-center without-product-count product-category product\" data-loop=\"6\">\n\t<div class=\"wrapp-category\">\n\t\t<div class=\"category-image-wrapp\">\n\t\t\t<a href=\"https:\/\/petfest.ee\/et\/cat\/tooted-kassidele\/kasside-maiused\/\" class=\"category-image\">\n\t\t\t\t\n\t\t\t\t<img width=\"400\" height=\"288\" src=\"https:\/\/petfest.ee\/wp-content\/uploads\/2021\/09\/cat-products-category-image.jpg\" class=\"attachment-woocommerce_thumbnail size-woocommerce_thumbnail\" alt=\"\" decoding=\"async\" loading=\"lazy\" srcset=\"https:\/\/petfest.ee\/wp-content\/uploads\/2021\/09\/cat-products-category-image.jpg 400w, https:\/\/petfest.ee\/wp-content\/uploads\/2021\/09\/cat-products-category-image-150x108.jpg 150w, https:\/\/petfest.ee\/wp-content\/uploads\/2021\/09\/cat-products-category-image-300x216.jpg 300w\" sizes=\"(max-width: 400px) 100vw, 400px\" \/>\t\t\t<\/a>\n\t\t<\/div>\n\t\t<div class=\"hover-mask\">\n\t\t\t<h3 class=\"wd-entities-title\">\n\t\t\t\tKasside maiused <mark class=\"count\">(19)<\/mark>\t\t\t<\/h3>\n\n\t\t\t\n\t\t\t\t\t<\/div>\n\n\t\t\t\t<a href=\"https:\/\/petfest.ee\/et\/cat\/tooted-kassidele\/kasside-maiused\/\" class=\"category-link wd-fill\" aria-label=\"Product category kasside-maiused1\"><\/a>\n\t\t\t<\/div>\n<\/div>\n\t\t\t\t\t<\/div>\n\t\t\t\t<\/div>\n\t\t\t\t[\/vc_column][\/vc_row][vc_row][vc_column][vc_empty_space woodmart_hide_large=&#8221;0&#8243; woodmart_hide_medium=&#8221;0&#8243; woodmart_hide_small=&#8221;0&#8243; woodmart_hide_extra_small=&#8221;0&#8243;][\/vc_column][\/vc_row]<\/p>\n<\/section>","protected":false},"excerpt":{"rendered":"<p>[vc_row content_placement=&#8221;middle&#8221; woodmart_css_id=&#8221;6790da1526470&#8243; responsive_spacing=&#8221;eyJwYXJhbV90eXBlIjoid29vZG1hcnRfcmVzcG9uc2l2ZV9zcGFjaW5nIiwic2VsZWN0b3JfaWQiOiI2NzkwZGExNTI2NDcwIiwic2hvcnRjb2RlIjoidmNfcm93IiwiZGF0YSI6eyJ0YWJsZXQiOnt9LCJtb2JpbGUiOnt9fX0=&#8221; mobile_bg_img_hidden=&#8221;no&#8221; tablet_bg_img_hidden=&#8221;no&#8221; woodmart_parallax=&#8221;0&#8243; woodmart_gradient_switch=&#8221;no&#8221; woodmart_box_shadow=&#8221;no&#8221; wd_z_index=&#8221;no&#8221; woodmart_disable_overflow=&#8221;0&#8243; row_reverse_mobile=&#8221;0&#8243; row_reverse_tablet=&#8221;0&#8243;][vc_column width=&#8221;2\/3&#8243;][vc_empty_space woodmart_hide_large=&#8221;0&#8243; woodmart_hide_medium=&#8221;0&#8243; woodmart_hide_small=&#8221;0&#8243; woodmart_hide_extra_small=&#8221;0&#8243;][vc_column_text text_larger=&#8221;no&#8221;]Dog Fest<\/p>\n","protected":false},"author":1,"featured_media":0,"parent":0,"menu_order":0,"comment_status":"closed","ping_status":"closed","template":"","meta":{"inline_featured_image":false,"footnotes":""},"_links":{"self":[{"href":"https:\/\/petfest.ee\/et\/wp-json\/wp\/v2\/pages\/7229"}],"collection":[{"href":"https:\/\/petfest.ee\/et\/wp-json\/wp\/v2\/pages"}],"about":[{"href":"https:\/\/petfest.ee\/et\/wp-json\/wp\/v2\/types\/page"}],"author":[{"embeddable":true,"href":"https:\/\/petfest.ee\/et\/wp-json\/wp\/v2\/users\/1"}],"replies":[{"embeddable":true,"href":"https:\/\/petfest.ee\/et\/wp-json\/wp\/v2\/comments?post=7229"}],"version-history":[{"count":11,"href":"https:\/\/petfest.ee\/et\/wp-json\/wp\/v2\/pages\/7229\/revisions"}],"predecessor-version":[{"id":2362849,"href":"https:\/\/petfest.ee\/et\/wp-json\/wp\/v2\/pages\/7229\/revisions\/2362849"}],"wp:attachment":[{"href":"https:\/\/petfest.ee\/et\/wp-json\/wp\/v2\/media?parent=7229"}],"curies":[{"name":"wp","href":"https:\/\/api.w.org\/{rel}","templated":true}]}}