{"id":2361652,"date":"2021-05-06T00:18:17","date_gmt":"2021-05-05T22:18:17","guid":{"rendered":"https:\/\/petfest.ee\/et\/?page_id=2361652"},"modified":"2023-07-19T12:28:14","modified_gmt":"2023-07-19T10:28:14","slug":"tellimuse-tagastamine","status":"publish","type":"page","link":"https:\/\/petfest.ee\/et\/tellimuse-tagastamine\/","title":{"rendered":"Tellimuse tagastamine"},"content":{"rendered":"<section class=\"wpb-content-wrapper\"><p>[vc_row][vc_column][vc_column_text woodmart_inline=&#8221;no&#8221; text_larger=&#8221;no&#8221;]<strong><b>Tellimuse t\u00fchistamine ja toote tagastamine<\/b><\/strong><\/p>\n<p>1. Teil on \u00f5igus peale toodete eest tasumist kuid enne toodete kohaletoimetamist oma tellimus t\u00fchistada, saates\u00a0<strong><b>petfest.ee<\/b><\/strong> e-poe elektronposti aadressile info@petfest.ee vastavasisulise teate koos tellimuse numbri ning oma panga arvelduskonto numbriga v\u00f5i helistades PetFest Europe O\u00dc kontakttelefonil 558 4783.<\/p>\n<p>2. Peale toodete k\u00e4ttesaamist on Teil\u00a0<strong>14 p\u00e4eva<\/strong> aega toodetega tutvumiseks. Kui ostetud kaup Teile mingil p\u00f5hjusel ei sobi, siis on Teil v\u00f5imalus 14 p\u00e4eva jooksul toode tagastada v\u00f5i vahetada v\u00e4lja m\u00f5ne muu toote vastu, sates\u00a0<strong><b>petfest.ee<\/b><\/strong> ( PetFest Europe O\u00dc ) e-poe adressile <strong>info@<b>petfest.ee <\/b><\/strong>vastavasisulise teate koos tellimuse numbri, oma panga arvelduskonto numbri ning aadressiga, kus tagastatavad tooted asuvad v\u00f5i helistades PetFest Europe O\u00dc kontakttelefonil <strong>+372 558 4783<\/strong>. Kasutamise tunnustega\u00a0\u00a0toodete tagastusest (nt. kehahooldus-ja h\u00fcgieenitooted; arvuti- ja konsoolim\u00e4ngud; arvuti tarkvara ja GPS-id, mis on registreeritud v\u00f5i aktiveeritud) on\u00a0<strong><b>petfest.ee<\/b><\/strong> ( PetFest Europe O\u00dc ) \u00f5igus keelduda.<\/p>\n<p>3.\u00a0\u00a0Ostetud kaupa ei saa tagastada kui tellitud toode on valmistatud arvestades tellija isiklikke vajadusi v\u00f5i tellija poolt esitatud tingimuste kohaselt.<\/p>\n<p>4. Tellimuse t\u00fchistamisel punktis 6.1 s\u00e4testatud juhul v\u00f5i tellimusest taganemise korral punktis 6.2 s\u00e4testatud juhul tagastatakse Teile ostu eest tasutud summa millest klient kannab toote lattu saatmisega seotud kulutused kuni 10 EUR ulatuses (p. 6.6). Raha kanname tagastatud toote eest tagasi Teie arveldusarvele hiljemalt\u00a0<strong>14 p\u00e4eva jooksul<\/strong>\u00a0alates taganemisteate j\u00f5udmisest meieni, eeldusel, et olete sama t\u00e4htaja jooksul kauba tagastanud, v.a k\u00e4esolevate tingimuste punktis 6.5., 6.6 ja 6.7 s\u00e4testatud juhtudel.<\/p>\n<p>5. Tagastatav toode peab olema komplektne (sisaldama tootepakendit ja k\u00f5iki tootepakendis sisaldunud esemeid \u2013 kaablid jne). Kui toode on ostetud kampaania korras, kus kaubale on lisatud veel m\u00f5ni toode, tuleb Teil tagastada kogu komplekt (st. k\u00f5ik tooted).<\/p>\n<p>6. <strong>petfest.ee <\/strong>( PetFest Europe O\u00dc ) e-poel on \u00f5igus tagastatava toote transpordikulu kuni 10 EUR ulatuses kliendilt k\u00fcsida ning selles mahus tagastavast summast maha v\u00f5tta.<\/p>\n<p>7. Kui tagastatav toode (ja toote pakend) on halvenenud ja halvenemine on p\u00f5hjustatud (i) asjaoludest, mis ei ole tingitud PetFest Europe O\u00dc ; ning (ii) toote mittesihip\u00e4rase kasutamise tulemusena, on PetFest Europe O\u00dc \u00f5igus tasaarvestada toote v\u00e4\u00e4rtuse v\u00e4henemine Teie poolt toote eest tasutud ning Teile tagastamisele kuuluva summaga. Tasaarvestamiseks saadab PetFest Europe O\u00dc Teile tasaarvestamise avalduse Teie poolt tellimuse vormistamisel teatatud e-posti aadressile.<\/p>\n<p>Juhul, kui Te ei ole n\u00f5us tasaarvestamise teates n\u00e4idatud v\u00e4\u00e4rtuse v\u00e4henemisega, on Teil \u00f5igus kaasata toote v\u00e4\u00e4rtuse v\u00e4henemise kindlakstegemiseks s\u00f5ltumatu ekspert. Ekspertiisiga seotud kulud jagatakse pooleks Teie ja\u00a0<strong><b>petfest.ee<\/b><\/strong> ( PetFest Europe O\u00dc ) vahel, v.a juhul, kui \u00fche poole seisukoht osutub ilmselt p\u00f5hjendamatuks. Sellisel juhul kannab ekspertiisiga seotud kulud pool, kelle seisukoht osutus ilmselt p\u00f5hjendamatuks.[\/vc_column_text][\/vc_column][\/vc_row]<\/p>\n<\/section>","protected":false},"excerpt":{"rendered":"<p>[vc_row][vc_column][vc_column_text woodmart_inline=&#8221;no&#8221; text_larger=&#8221;no&#8221;]Tellimuse t\u00fchistamine ja toote tagastamine 1. Teil on \u00f5igus peale toodete eest tasumist kuid enne toodete kohaletoimetamist oma<\/p>\n","protected":false},"author":2,"featured_media":0,"parent":0,"menu_order":0,"comment_status":"closed","ping_status":"closed","template":"","meta":{"inline_featured_image":false,"footnotes":""},"_links":{"self":[{"href":"https:\/\/petfest.ee\/et\/wp-json\/wp\/v2\/pages\/2361652"}],"collection":[{"href":"https:\/\/petfest.ee\/et\/wp-json\/wp\/v2\/pages"}],"about":[{"href":"https:\/\/petfest.ee\/et\/wp-json\/wp\/v2\/types\/page"}],"author":[{"embeddable":true,"href":"https:\/\/petfest.ee\/et\/wp-json\/wp\/v2\/users\/2"}],"replies":[{"embeddable":true,"href":"https:\/\/petfest.ee\/et\/wp-json\/wp\/v2\/comments?post=2361652"}],"version-history":[{"count":1,"href":"https:\/\/petfest.ee\/et\/wp-json\/wp\/v2\/pages\/2361652\/revisions"}],"predecessor-version":[{"id":2362415,"href":"https:\/\/petfest.ee\/et\/wp-json\/wp\/v2\/pages\/2361652\/revisions\/2362415"}],"wp:attachment":[{"href":"https:\/\/petfest.ee\/et\/wp-json\/wp\/v2\/media?parent=2361652"}],"curies":[{"name":"wp","href":"https:\/\/api.w.org\/{rel}","templated":true}]}}